{"id":487,"date":"2025-07-15T07:55:59","date_gmt":"2025-07-15T04:55:59","guid":{"rendered":"https:\/\/biohooldus.ee\/%d0%ba%d0%be%d0%bd%d1%82%d0%b0%d0%ba%d1%82\/"},"modified":"2025-11-24T14:07:29","modified_gmt":"2025-11-24T12:07:29","slug":"%d0%ba%d0%be%d0%bd%d1%82%d0%b0%d0%ba%d1%82","status":"publish","type":"page","link":"https:\/\/biohooldus.ee\/ru\/%d0%ba%d0%be%d0%bd%d1%82%d0%b0%d0%ba%d1%82\/","title":{"rendered":"\u041a\u043e\u043d\u0442\u0430\u043a\u0442"},"content":{"rendered":"<div class=\"wpb-content-wrapper\">[vc_row css=&#187;.vc_custom_1752729694619{margin-top: 25px !important;margin-bottom: 25px !important;}&#187;][vc_column col_shadow=&#187;&#187; width=&#187;2\/3&#8243; css=&#187;.vc_custom_1752729701834{margin-top: 25px !important;margin-bottom: 25px !important;}&#187;][vc_column_text css=&#187;&#187; line_height=&#187;30px&#187;]\n<h1>\u041d\u0430\u0448\u0438 <span class=\"highlight\">\u043a\u043e\u043d\u0442\u0430\u043a\u0442\u044b<\/span><\/h1>\n<p>Bio Hooldus \u2014 \u043a\u043e\u043c\u043f\u0430\u043d\u0438\u044f, \u0441\u043f\u0435\u0446\u0438\u0430\u043b\u0438\u0437\u0438\u0440\u0443\u044e\u0449\u0430\u044f\u0441\u044f \u043d\u0430 \u043e\u0447\u0438\u0441\u0442\u043a\u0435 \u043f\u0440\u043e\u043c\u044b\u0448\u043b\u0435\u043d\u043d\u044b\u0445 \u0443\u0441\u0442\u0430\u043d\u043e\u0432\u043e\u043a \u0438 \u0441\u0438\u0441\u0442\u0435\u043c, \u043e\u0441\u043d\u043e\u0432\u0430\u043d\u043d\u0430\u044f \u044d\u043a\u0441\u043f\u0435\u0440\u0442\u043e\u043c \u043e\u0442\u0440\u0430\u0441\u043b\u0438 \u0441 \u0431\u043e\u043b\u0435\u0435 \u0447\u0435\u043c 25-\u043b\u0435\u0442\u043d\u0438\u043c \u043e\u043f\u044b\u0442\u043e\u043c. \u041d\u0430\u0448 \u0444\u043e\u043a\u0443\u0441 \u2014 \u043f\u0440\u043e\u0444\u0435\u0441\u0441\u0438\u043e\u043d\u0430\u043b\u044c\u043d\u043e\u0435 \u0438 \u043e\u0442\u0432\u0435\u0442\u0441\u0442\u0432\u0435\u043d\u043d\u043e\u0435 \u043f\u0440\u0435\u0434\u043e\u0441\u0442\u0430\u0432\u043b\u0435\u043d\u0438\u0435 \u0441\u043b\u043e\u0436\u043d\u044b\u0445, \u044d\u043a\u043e\u043b\u043e\u0433\u0438\u0447\u0435\u0441\u043a\u0438 \u0432\u0430\u0436\u043d\u044b\u0445 \u0438 \u0442\u0435\u0445\u043d\u0438\u0447\u0435\u0441\u043a\u0438 \u0442\u0440\u0435\u0431\u043e\u0432\u0430\u0442\u0435\u043b\u044c\u043d\u044b\u0445 \u0443\u0441\u043b\u0443\u0433 \u043f\u043e \u043e\u0447\u0438\u0441\u0442\u043a\u0435. <\/p>\n<h4>O\u00dc Bio Hooldus<\/h4>\n<p><strong>\u0422\u0435\u043b\u0435\u0444\u043e\u043d<\/strong>: +372 55 14 472<br \/>\n<strong>E-post<\/strong>: info@biohooldus.ee<br \/>\n<strong> \u0411\u0430\u043d\u043a\u043e\u0432\u0441\u043a\u0438\u0439 \u0441\u0447\u0435\u0442:<\/strong> LHV: EE247700771011755453<br \/>\n<strong> \u0420\u0435\u0433. \u043d\u043e\u043c\u0435\u0440:<\/strong> 17235345<br \/>\n<strong> \u041d\u0414\u0421 \u043d\u043e\u043c\u0435\u0440:<\/strong> EE102865318<br \/>\n<strong>\u0410\u0434\u0440\u0435\u0441:<\/strong> \u0419\u044b\u044d\u043b\u0430\u0445\u0442\u043c\u0435 \u0442\u0435\u044d 10, \u041a\u043e\u0441\u0442\u0438\u0432\u0435\u0440\u0435, \u0425\u0430\u0440\u044c\u044e\u0441\u043a\u0438\u0439 \u0443\u0435\u0437\u0434, 74204[\/vc_column_text][\/vc_column][vc_column col_shadow=&#187;&#187; width=&#187;1\/3&#8243; css=&#187;.vc_custom_1752730028623{margin-top: 25px !important;margin-bottom: 25px !important;}&#187; el_class=&#187;kont-vorm&#187;][vc_custom_heading text=&#187;\u0417\u0430\u043f\u0440\u043e\u0441\u0438\u0442\u044c \u043f\u0440\u0435\u0434\u043b\u043e\u0436\u0435\u043d\u0438\u0435&#187; font_container=&#187;tag:h3|font_size:30px|text_align:left|color:%23333027|line_height:50px&#187; google_fonts=&#187;font_family:Montserrat%3Aregular%2C700|font_style:700%20bold%20regular%3A700%3Anormal&#187; css=&#187;&#187;]<div class=\"creativo_cf7 cf_scope_1 full_width none\"><style type=\"text\/css\" scoped=\"scoped\">.creativo_cf7.cf_scope_1{padding:0px;border-radius:0px;background-color:;width:100%;margin:0 auto;}.cf_scope_1 input,\r\n\t\t\t\t\t\t\t\t.cf_scope_1 textarea,\r\n\t\t\t\t\t\t\t\t.cf_scope_1 select {padding:10px;}.cf_scope_1 .wpcf7 {color:#333027;font-size:15px;}.cf_scope_1 input:not([type=\"submit\"]), .cf_scope_1 textarea, .cf_scope_1 select {font-size:15px; line-height: normal;background-color:#FFFFFF;border-width:1px;border-radius:12px;border-color:#FF8921;color:#333027;}.cf_scope_1 input:focus, .cf_scope_1 select:focus, .cf_scope_1 select:hover, .cf_scope_1 textarea:focus, .cf_scope_1 input:not([type=\"submit\"]):hover, .cf_scope_1 textarea:hover{background-color:#FCF9F4;border-color:#4C4A4A;color:#333027;}.cf_scope_1 textarea {height:130px;}.cf_scope_1 .wpcf7-submit, .cf_scope_1 .wpcf7-submit:focus {border: 1px solid #ccc;background-color:#FF8921;border-color:#FF8921;color:#FFFFFF;font-size:15px;font-weight:700;padding-top:10px;padding-bottom:10px;margin-top:10px; margin-right: 0; margin-bottom:0;text-align: center;line-height: 20px;border-radius:12px;margin:10px auto 0 auto; display:block;padding-left:12px;padding-right:12px;width:100%; text-align:center;transition: all 0.2s ease-in-out; -webkit-transition: all 0.2s ease-in-out;}.cf_scope_1 .wpcf7-submit:hover {background-color:#FFA95C;border-color:#FFA95C;color:#FFFFFF;}@media (max-width: 640px) {.creativo_cf7.cf_scope_1 {width: 100%;}}<\/style>\n<div class=\"wpcf7 no-js\" id=\"wpcf7-f443-o1\" lang=\"ru-RU\" dir=\"ltr\" data-wpcf7-id=\"443\">\n<div class=\"screen-reader-response\"><p role=\"status\" aria-live=\"polite\" aria-atomic=\"true\"><\/p> <ul><\/ul><\/div>\n<form action=\"\/ru\/wp-json\/wp\/v2\/pages\/487#wpcf7-f443-o1\" method=\"post\" class=\"wpcf7-form init\" aria-label=\"\u041a\u043e\u043d\u0442\u0430\u043a\u0442\u043d\u0430\u044f \u0444\u043e\u0440\u043c\u0430\" novalidate=\"novalidate\" data-status=\"init\">\n<fieldset class=\"hidden-fields-container\"><input type=\"hidden\" name=\"_wpcf7\" value=\"443\" \/><input type=\"hidden\" name=\"_wpcf7_version\" value=\"6.1.5\" \/><input type=\"hidden\" name=\"_wpcf7_locale\" value=\"ru_RU\" \/><input type=\"hidden\" name=\"_wpcf7_unit_tag\" value=\"wpcf7-f443-o1\" \/><input type=\"hidden\" name=\"_wpcf7_container_post\" value=\"0\" \/><input type=\"hidden\" name=\"_wpcf7_posted_data_hash\" value=\"\" \/><input type=\"hidden\" name=\"_wpcf7_recaptcha_response\" value=\"\" \/>\n<\/fieldset>\n<p><span class=\"wpcf7-form-control-wrap\" data-name=\"text-730\"><input size=\"40\" maxlength=\"400\" class=\"wpcf7-form-control wpcf7-text wpcf7-validates-as-required\" aria-required=\"true\" aria-invalid=\"false\" placeholder=\"\u0412\u0430\u0448\u0435 \u0438\u043c\u044f*\" value=\"\" type=\"text\" name=\"text-730\" \/><\/span><br \/>\n<span class=\"wpcf7-form-control-wrap\" data-name=\"text-731\"><input size=\"40\" maxlength=\"400\" class=\"wpcf7-form-control wpcf7-text wpcf7-validates-as-required\" aria-required=\"true\" aria-invalid=\"false\" placeholder=\"\u0412\u0430\u0448 \u0442\u0435\u043b\u0435\u0444\u043e\u043d*\" value=\"\" type=\"text\" name=\"text-731\" \/><\/span><br \/>\n<span class=\"wpcf7-form-control-wrap\" data-name=\"text-732\"><input size=\"40\" maxlength=\"400\" class=\"wpcf7-form-control wpcf7-text wpcf7-validates-as-required\" aria-required=\"true\" aria-invalid=\"false\" placeholder=\"\u0412\u0430\u0448 email*\" value=\"\" type=\"text\" name=\"text-732\" \/><\/span><br \/>\n<span class=\"wpcf7-form-control-wrap\" data-name=\"text-733\"><input size=\"40\" maxlength=\"400\" class=\"wpcf7-form-control wpcf7-text wpcf7-validates-as-required\" aria-required=\"true\" aria-invalid=\"false\" placeholder=\"\u0416\u0435\u043b\u0430\u0435\u043c\u0430\u044f \u0443\u0441\u043b\u0443\u0433\u0430*\" value=\"\" type=\"text\" name=\"text-733\" \/><\/span><br \/>\n<span class=\"wpcf7-form-control-wrap\" data-name=\"textarea-617\"><textarea cols=\"40\" rows=\"10\" maxlength=\"2000\" class=\"wpcf7-form-control wpcf7-textarea\" aria-invalid=\"false\" placeholder=\"\u0414\u043e\u043f\u043e\u043b\u043d\u0438\u0442\u0435\u043b\u044c\u043d\u0430\u044f \u0438\u043d\u0444\u043e\u0440\u043c\u0430\u0446\u0438\u044f \u0438 \u0432\u043e\u043f\u0440\u043e\u0441\u044b\" name=\"textarea-617\"><\/textarea><\/span><br \/>\n<input class=\"wpcf7-form-control wpcf7-submit has-spinner send-btn\" type=\"submit\" value=\"\u041e\u0442\u043f\u0440\u0430\u0432\u0438\u0442\u044c \u0437\u0430\u044f\u0432\u043a\u0443\" \/>\n<\/p><div class=\"wpcf7-response-output\" aria-hidden=\"true\"><\/div>\n<\/form>\n<\/div>\n<\/div>[\/vc_column][\/vc_row]\n<\/div>","protected":false},"excerpt":{"rendered":"<p>[vc_row css=&#187;.vc_custom_1752729694619{margin-top: 25px !important;margin-bottom: 25px !important;}&#187;][vc_column col_shadow=&#187;&#187; width=&#187;2\/3&#8243; css=&#187;.vc_custom_1752729701834{margin-top: 25px !important;margin-bottom: 25px !important;}&#187;][vc_column_text css=&#187;&#187; line_height=&#187;30px&#187;] \u041d\u0430\u0448\u0438 \u043a\u043e\u043d\u0442\u0430\u043a\u0442\u044b Bio Hooldus \u2014 \u043a\u043e\u043c\u043f\u0430\u043d\u0438\u044f, \u0441\u043f\u0435\u0446\u0438\u0430\u043b\u0438\u0437\u0438\u0440\u0443\u044e\u0449\u0430\u044f\u0441\u044f \u043d\u0430 \u043e\u0447\u0438\u0441\u0442\u043a\u0435 \u043f\u0440\u043e\u043c\u044b\u0448\u043b\u0435\u043d\u043d\u044b\u0445 \u0443\u0441\u0442\u0430\u043d\u043e\u0432\u043e\u043a \u0438 \u0441\u0438\u0441\u0442\u0435\u043c, \u043e\u0441\u043d\u043e\u0432\u0430\u043d\u043d\u0430\u044f \u044d\u043a\u0441\u043f\u0435\u0440\u0442\u043e\u043c \u043e\u0442\u0440\u0430\u0441\u043b\u0438 \u0441 \u0431\u043e\u043b\u0435\u0435 \u0447\u0435\u043c 25-\u043b\u0435\u0442\u043d\u0438\u043c \u043e\u043f\u044b\u0442\u043e\u043c. \u041d\u0430\u0448 \u0444\u043e\u043a\u0443\u0441 \u2014 \u043f\u0440\u043e\u0444\u0435\u0441\u0441\u0438\u043e\u043d\u0430\u043b\u044c\u043d\u043e\u0435 \u0438 \u043e\u0442\u0432\u0435\u0442\u0441\u0442\u0432\u0435\u043d\u043d\u043e\u0435 \u043f\u0440\u0435\u0434\u043e\u0441\u0442\u0430\u0432\u043b\u0435\u043d\u0438\u0435 \u0441\u043b\u043e\u0436\u043d\u044b\u0445, \u044d\u043a\u043e\u043b\u043e\u0433\u0438\u0447\u0435\u0441\u043a\u0438 \u0432\u0430\u0436\u043d\u044b\u0445 \u0438 \u0442\u0435\u0445\u043d\u0438\u0447\u0435\u0441\u043a\u0438 \u0442\u0440\u0435\u0431\u043e\u0432\u0430\u0442\u0435\u043b\u044c\u043d\u044b\u0445 \u0443\u0441\u043b\u0443\u0433 \u043f\u043e \u043e\u0447\u0438\u0441\u0442\u043a\u0435. O\u00dc Bio Hooldus&#8230;<\/p>\n","protected":false},"author":1,"featured_media":0,"parent":0,"menu_order":0,"comment_status":"closed","ping_status":"closed","template":"page-full.php","meta":{"footnotes":""},"class_list":["post-487","page","type-page","status-publish","hentry"],"yoast_head":"<!-- This site is optimized with the Yoast SEO plugin v27.3 - https:\/\/yoast.com\/product\/yoast-seo-wordpress\/ -->\n<title>\u041a\u043e\u043d\u0442\u0430\u043a\u0442 - BIO Hooldus<\/title>\n<meta name=\"robots\" content=\"index, follow, max-snippet:-1, max-image-preview:large, max-video-preview:-1\" \/>\n<link rel=\"canonical\" href=\"https:\/\/biohooldus.ee\/ru\/%d0%ba%d0%be%d0%bd%d1%82%d0%b0%d0%ba%d1%82\/\" \/>\n<meta property=\"og:locale\" content=\"ru_RU\" \/>\n<meta property=\"og:type\" content=\"article\" \/>\n<meta property=\"og:title\" content=\"\u041a\u043e\u043d\u0442\u0430\u043a\u0442 - BIO Hooldus\" \/>\n<meta property=\"og:description\" content=\"[vc_row css=&#187;.vc_custom_1752729694619{margin-top: 25px !important;margin-bottom: 25px !important;}&#187;][vc_column col_shadow=&#187;&#187; width=&#187;2\/3&#8243; css=&#187;.vc_custom_1752729701834{margin-top: 25px !important;margin-bottom: 25px !important;}&#187;][vc_column_text css=&#187;&#187; line_height=&#187;30px&#187;] \u041d\u0430\u0448\u0438 \u043a\u043e\u043d\u0442\u0430\u043a\u0442\u044b Bio Hooldus \u2014 \u043a\u043e\u043c\u043f\u0430\u043d\u0438\u044f, \u0441\u043f\u0435\u0446\u0438\u0430\u043b\u0438\u0437\u0438\u0440\u0443\u044e\u0449\u0430\u044f\u0441\u044f \u043d\u0430 \u043e\u0447\u0438\u0441\u0442\u043a\u0435 \u043f\u0440\u043e\u043c\u044b\u0448\u043b\u0435\u043d\u043d\u044b\u0445 \u0443\u0441\u0442\u0430\u043d\u043e\u0432\u043e\u043a \u0438 \u0441\u0438\u0441\u0442\u0435\u043c, \u043e\u0441\u043d\u043e\u0432\u0430\u043d\u043d\u0430\u044f \u044d\u043a\u0441\u043f\u0435\u0440\u0442\u043e\u043c \u043e\u0442\u0440\u0430\u0441\u043b\u0438 \u0441 \u0431\u043e\u043b\u0435\u0435 \u0447\u0435\u043c 25-\u043b\u0435\u0442\u043d\u0438\u043c \u043e\u043f\u044b\u0442\u043e\u043c. \u041d\u0430\u0448 \u0444\u043e\u043a\u0443\u0441 \u2014 \u043f\u0440\u043e\u0444\u0435\u0441\u0441\u0438\u043e\u043d\u0430\u043b\u044c\u043d\u043e\u0435 \u0438 \u043e\u0442\u0432\u0435\u0442\u0441\u0442\u0432\u0435\u043d\u043d\u043e\u0435 \u043f\u0440\u0435\u0434\u043e\u0441\u0442\u0430\u0432\u043b\u0435\u043d\u0438\u0435 \u0441\u043b\u043e\u0436\u043d\u044b\u0445, \u044d\u043a\u043e\u043b\u043e\u0433\u0438\u0447\u0435\u0441\u043a\u0438 \u0432\u0430\u0436\u043d\u044b\u0445 \u0438 \u0442\u0435\u0445\u043d\u0438\u0447\u0435\u0441\u043a\u0438 \u0442\u0440\u0435\u0431\u043e\u0432\u0430\u0442\u0435\u043b\u044c\u043d\u044b\u0445 \u0443\u0441\u043b\u0443\u0433 \u043f\u043e \u043e\u0447\u0438\u0441\u0442\u043a\u0435. O\u00dc Bio Hooldus...\" \/>\n<meta property=\"og:url\" content=\"https:\/\/biohooldus.ee\/ru\/%d0%ba%d0%be%d0%bd%d1%82%d0%b0%d0%ba%d1%82\/\" \/>\n<meta property=\"og:site_name\" content=\"BIO Hooldus\" \/>\n<meta property=\"article:modified_time\" content=\"2025-11-24T12:07:29+00:00\" \/>\n<meta property=\"og:image\" content=\"https:\/\/biohooldus.ee\/wp-content\/uploads\/2025\/09\/biohooldus.jpg\" \/>\n\t<meta property=\"og:image:width\" content=\"1200\" \/>\n\t<meta property=\"og:image:height\" content=\"675\" \/>\n\t<meta property=\"og:image:type\" content=\"image\/jpeg\" \/>\n<meta name=\"twitter:card\" content=\"summary_large_image\" \/>\n<meta name=\"twitter:label1\" content=\"\u041f\u0440\u0438\u043c\u0435\u0440\u043d\u043e\u0435 \u0432\u0440\u0435\u043c\u044f \u0434\u043b\u044f \u0447\u0442\u0435\u043d\u0438\u044f\" \/>\n\t<meta name=\"twitter:data1\" content=\"1 \u043c\u0438\u043d\u0443\u0442\u0430\" \/>\n<script type=\"application\/ld+json\" class=\"yoast-schema-graph\">{\"@context\":\"https:\\\/\\\/schema.org\",\"@graph\":[{\"@type\":\"WebPage\",\"@id\":\"https:\\\/\\\/biohooldus.ee\\\/ru\\\/%d0%ba%d0%be%d0%bd%d1%82%d0%b0%d0%ba%d1%82\\\/\",\"url\":\"https:\\\/\\\/biohooldus.ee\\\/ru\\\/%d0%ba%d0%be%d0%bd%d1%82%d0%b0%d0%ba%d1%82\\\/\",\"name\":\"\u041a\u043e\u043d\u0442\u0430\u043a\u0442 - BIO Hooldus\",\"isPartOf\":{\"@id\":\"https:\\\/\\\/biohooldus.ee\\\/ru\\\/#website\"},\"datePublished\":\"2025-07-15T04:55:59+00:00\",\"dateModified\":\"2025-11-24T12:07:29+00:00\",\"breadcrumb\":{\"@id\":\"https:\\\/\\\/biohooldus.ee\\\/ru\\\/%d0%ba%d0%be%d0%bd%d1%82%d0%b0%d0%ba%d1%82\\\/#breadcrumb\"},\"inLanguage\":\"ru-RU\",\"potentialAction\":[{\"@type\":\"ReadAction\",\"target\":[\"https:\\\/\\\/biohooldus.ee\\\/ru\\\/%d0%ba%d0%be%d0%bd%d1%82%d0%b0%d0%ba%d1%82\\\/\"]}]},{\"@type\":\"BreadcrumbList\",\"@id\":\"https:\\\/\\\/biohooldus.ee\\\/ru\\\/%d0%ba%d0%be%d0%bd%d1%82%d0%b0%d0%ba%d1%82\\\/#breadcrumb\",\"itemListElement\":[{\"@type\":\"ListItem\",\"position\":1,\"name\":\"Home\",\"item\":\"https:\\\/\\\/biohooldus.ee\\\/ru\\\/\"},{\"@type\":\"ListItem\",\"position\":2,\"name\":\"\u041a\u043e\u043d\u0442\u0430\u043a\u0442\"}]},{\"@type\":\"WebSite\",\"@id\":\"https:\\\/\\\/biohooldus.ee\\\/ru\\\/#website\",\"url\":\"https:\\\/\\\/biohooldus.ee\\\/ru\\\/\",\"name\":\"BIO Hooldus\",\"description\":\"Usaldusv\u00e4\u00e4rne t\u00f6\u00f6stuslik puhastusteenus\",\"potentialAction\":[{\"@type\":\"SearchAction\",\"target\":{\"@type\":\"EntryPoint\",\"urlTemplate\":\"https:\\\/\\\/biohooldus.ee\\\/ru\\\/?s={search_term_string}\"},\"query-input\":{\"@type\":\"PropertyValueSpecification\",\"valueRequired\":true,\"valueName\":\"search_term_string\"}}],\"inLanguage\":\"ru-RU\"}]}<\/script>\n<!-- \/ Yoast SEO plugin. -->","yoast_head_json":{"title":"\u041a\u043e\u043d\u0442\u0430\u043a\u0442 - BIO Hooldus","robots":{"index":"index","follow":"follow","max-snippet":"max-snippet:-1","max-image-preview":"max-image-preview:large","max-video-preview":"max-video-preview:-1"},"canonical":"https:\/\/biohooldus.ee\/ru\/%d0%ba%d0%be%d0%bd%d1%82%d0%b0%d0%ba%d1%82\/","og_locale":"ru_RU","og_type":"article","og_title":"\u041a\u043e\u043d\u0442\u0430\u043a\u0442 - BIO Hooldus","og_description":"[vc_row css=&#187;.vc_custom_1752729694619{margin-top: 25px !important;margin-bottom: 25px !important;}&#187;][vc_column col_shadow=&#187;&#187; width=&#187;2\/3&#8243; css=&#187;.vc_custom_1752729701834{margin-top: 25px !important;margin-bottom: 25px !important;}&#187;][vc_column_text css=&#187;&#187; line_height=&#187;30px&#187;] \u041d\u0430\u0448\u0438 \u043a\u043e\u043d\u0442\u0430\u043a\u0442\u044b Bio Hooldus \u2014 \u043a\u043e\u043c\u043f\u0430\u043d\u0438\u044f, \u0441\u043f\u0435\u0446\u0438\u0430\u043b\u0438\u0437\u0438\u0440\u0443\u044e\u0449\u0430\u044f\u0441\u044f \u043d\u0430 \u043e\u0447\u0438\u0441\u0442\u043a\u0435 \u043f\u0440\u043e\u043c\u044b\u0448\u043b\u0435\u043d\u043d\u044b\u0445 \u0443\u0441\u0442\u0430\u043d\u043e\u0432\u043e\u043a \u0438 \u0441\u0438\u0441\u0442\u0435\u043c, \u043e\u0441\u043d\u043e\u0432\u0430\u043d\u043d\u0430\u044f \u044d\u043a\u0441\u043f\u0435\u0440\u0442\u043e\u043c \u043e\u0442\u0440\u0430\u0441\u043b\u0438 \u0441 \u0431\u043e\u043b\u0435\u0435 \u0447\u0435\u043c 25-\u043b\u0435\u0442\u043d\u0438\u043c \u043e\u043f\u044b\u0442\u043e\u043c. \u041d\u0430\u0448 \u0444\u043e\u043a\u0443\u0441 \u2014 \u043f\u0440\u043e\u0444\u0435\u0441\u0441\u0438\u043e\u043d\u0430\u043b\u044c\u043d\u043e\u0435 \u0438 \u043e\u0442\u0432\u0435\u0442\u0441\u0442\u0432\u0435\u043d\u043d\u043e\u0435 \u043f\u0440\u0435\u0434\u043e\u0441\u0442\u0430\u0432\u043b\u0435\u043d\u0438\u0435 \u0441\u043b\u043e\u0436\u043d\u044b\u0445, \u044d\u043a\u043e\u043b\u043e\u0433\u0438\u0447\u0435\u0441\u043a\u0438 \u0432\u0430\u0436\u043d\u044b\u0445 \u0438 \u0442\u0435\u0445\u043d\u0438\u0447\u0435\u0441\u043a\u0438 \u0442\u0440\u0435\u0431\u043e\u0432\u0430\u0442\u0435\u043b\u044c\u043d\u044b\u0445 \u0443\u0441\u043b\u0443\u0433 \u043f\u043e \u043e\u0447\u0438\u0441\u0442\u043a\u0435. O\u00dc Bio Hooldus...","og_url":"https:\/\/biohooldus.ee\/ru\/%d0%ba%d0%be%d0%bd%d1%82%d0%b0%d0%ba%d1%82\/","og_site_name":"BIO Hooldus","article_modified_time":"2025-11-24T12:07:29+00:00","og_image":[{"width":1200,"height":675,"url":"https:\/\/biohooldus.ee\/wp-content\/uploads\/2025\/09\/biohooldus.jpg","type":"image\/jpeg"}],"twitter_card":"summary_large_image","twitter_misc":{"\u041f\u0440\u0438\u043c\u0435\u0440\u043d\u043e\u0435 \u0432\u0440\u0435\u043c\u044f \u0434\u043b\u044f \u0447\u0442\u0435\u043d\u0438\u044f":"1 \u043c\u0438\u043d\u0443\u0442\u0430"},"schema":{"@context":"https:\/\/schema.org","@graph":[{"@type":"WebPage","@id":"https:\/\/biohooldus.ee\/ru\/%d0%ba%d0%be%d0%bd%d1%82%d0%b0%d0%ba%d1%82\/","url":"https:\/\/biohooldus.ee\/ru\/%d0%ba%d0%be%d0%bd%d1%82%d0%b0%d0%ba%d1%82\/","name":"\u041a\u043e\u043d\u0442\u0430\u043a\u0442 - BIO Hooldus","isPartOf":{"@id":"https:\/\/biohooldus.ee\/ru\/#website"},"datePublished":"2025-07-15T04:55:59+00:00","dateModified":"2025-11-24T12:07:29+00:00","breadcrumb":{"@id":"https:\/\/biohooldus.ee\/ru\/%d0%ba%d0%be%d0%bd%d1%82%d0%b0%d0%ba%d1%82\/#breadcrumb"},"inLanguage":"ru-RU","potentialAction":[{"@type":"ReadAction","target":["https:\/\/biohooldus.ee\/ru\/%d0%ba%d0%be%d0%bd%d1%82%d0%b0%d0%ba%d1%82\/"]}]},{"@type":"BreadcrumbList","@id":"https:\/\/biohooldus.ee\/ru\/%d0%ba%d0%be%d0%bd%d1%82%d0%b0%d0%ba%d1%82\/#breadcrumb","itemListElement":[{"@type":"ListItem","position":1,"name":"Home","item":"https:\/\/biohooldus.ee\/ru\/"},{"@type":"ListItem","position":2,"name":"\u041a\u043e\u043d\u0442\u0430\u043a\u0442"}]},{"@type":"WebSite","@id":"https:\/\/biohooldus.ee\/ru\/#website","url":"https:\/\/biohooldus.ee\/ru\/","name":"BIO Hooldus","description":"Usaldusv\u00e4\u00e4rne t\u00f6\u00f6stuslik puhastusteenus","potentialAction":[{"@type":"SearchAction","target":{"@type":"EntryPoint","urlTemplate":"https:\/\/biohooldus.ee\/ru\/?s={search_term_string}"},"query-input":{"@type":"PropertyValueSpecification","valueRequired":true,"valueName":"search_term_string"}}],"inLanguage":"ru-RU"}]}},"_links":{"self":[{"href":"https:\/\/biohooldus.ee\/ru\/wp-json\/wp\/v2\/pages\/487","targetHints":{"allow":["GET"]}}],"collection":[{"href":"https:\/\/biohooldus.ee\/ru\/wp-json\/wp\/v2\/pages"}],"about":[{"href":"https:\/\/biohooldus.ee\/ru\/wp-json\/wp\/v2\/types\/page"}],"author":[{"embeddable":true,"href":"https:\/\/biohooldus.ee\/ru\/wp-json\/wp\/v2\/users\/1"}],"replies":[{"embeddable":true,"href":"https:\/\/biohooldus.ee\/ru\/wp-json\/wp\/v2\/comments?post=487"}],"version-history":[{"count":4,"href":"https:\/\/biohooldus.ee\/ru\/wp-json\/wp\/v2\/pages\/487\/revisions"}],"predecessor-version":[{"id":677,"href":"https:\/\/biohooldus.ee\/ru\/wp-json\/wp\/v2\/pages\/487\/revisions\/677"}],"wp:attachment":[{"href":"https:\/\/biohooldus.ee\/ru\/wp-json\/wp\/v2\/media?parent=487"}],"curies":[{"name":"wp","href":"https:\/\/api.w.org\/{rel}","templated":true}]}}