{"id":387,"date":"2025-07-15T07:55:18","date_gmt":"2025-07-15T04:55:18","guid":{"rendered":"https:\/\/biohooldus.ee\/homepage\/"},"modified":"2025-09-23T10:11:21","modified_gmt":"2025-09-23T07:11:21","slug":"homepage","status":"publish","type":"page","link":"https:\/\/biohooldus.ee\/en\/","title":{"rendered":"Homepage"},"content":{"rendered":"<div class=\"wpb-content-wrapper\">[vc_row][vc_column]\n\t\t\t\t<p class=\"rs-p-wp-fix\"><\/p>\n\t\t\t\t<sr7-module data-alias=\"slider-1-1\" data-id=\"2\" id=\"SR7_2_1\" class=\"rs-ov-hidden\" data-version=\"6.7.38\">\n\t\t\t\t\t<sr7-adjuster><\/sr7-adjuster>\n\t\t\t\t\t<sr7-content>\n\t\t\t\t\t\t<sr7-slide id=\"SR7_2_1-3\" data-key=\"3\">\n\t\t\t\t\t\t\t<h5 id=\"SR7_2_1-3-2\" class=\"sr7-layer\">A highly rated service provider in Harju County!<\/h5>\n\t\t\t\t\t\t\t<h1 id=\"SR7_2_1-3-5\" class=\"sr7-layer\">Reliable industrial cleaning service<br \/>\nfrom Bio Hooldus!<\/h1>\n\t\t\t\t\t\t\t<sr7-txt id=\"SR7_2_1-3-6\" class=\"sr7-layer\">We offer you high-quality service for cleaning sewers, wells, oil separators, sand traps, and more. With us, you're in good hands!<\/sr7-txt>\n\t\t\t\t\t\t\t<a id=\"SR7_2_1-3-8\" class=\"sr7-layer\" href=\"https:\/\/biohooldus.ee\/en\/contact\/\" target=\"_self\">Request a Quote Here<\/a>\n\t\t\t\t\t\t\t<a id=\"SR7_2_1-3-9\" class=\"sr7-layer\" href=\"tel:+3725514472\" target=\"_self\">+372 55 14 472<\/a>\n\t\t\t\t\t\t<\/sr7-slide>\n\t\t\t\t\t\t<sr7-slide id=\"SR7_2_1-5\" data-key=\"5\">\n\t\t\t\t\t\t<\/sr7-slide>\n\t\t\t\t\t<\/sr7-content>\n\t\t\t\t\t<image_lists style=\"display:none\">\n\t\t\t\t\t\t<img data-src=\"\/\/biohooldus.ee\/wp-content\/uploads\/2025\/07\/toostuslik-puhastus-1x.jpg\" data-libid=\"156\" data-lib=\"medialibrary\" title=\"toostuslik-puhastus-1x\" width=\"0\" height=\"0\" data-dbsrc=\"Ly9iaW9ob29sZHVzLmVlL3dwLWNvbnRlbnQvdXBsb2Fkcy8yMDI1LzA3L3Rvb3N0dXNsaWstcHVoYXN0dXMtMXguanBn\"\/>\n\t\t\t\t\t<\/image_lists>\n\t\t\t\t<\/sr7-module>\n\t\t\t\t<script>\n\t\t\t\t\tSR7.PMH ??={}; SR7.PMH[\"SR7_2_1\"] = {cn:100,state:false,fn: function() { if (_tpt!==undefined && _tpt.prepareModuleHeight !== undefined) {  _tpt.prepareModuleHeight({id:\"SR7_2_1\",el:[645,645,645,960,720],type:'standard',shdw:'0',gh:[645,645,645,960,720],gw:[1200,1200,1024,768,480],vpt:['-100px&#039;,&#039;-100px&#039;,&#039;-100px&#039;,&#039;-100px&#039;,&#039;-100px'],size:{fullWidth:true, fullHeight:false},mh:'0',onh:0,onw:0,bg:{color:'{\"type\":\"solid\",\"orig\":\"#fcf9f4\",\"string\":\"rgba(252, 249, 244, 1)\"}'}});   SR7.PMH[\"SR7_2_1\"].state=true;} else if(SR7.PMH[\"SR7_2_1\"].cn-->0)\tsetTimeout( SR7.PMH[\"SR7_2_1\"].fn,19);}};SR7.PMH[\"SR7_2_1\" ].fn();\n\t\t\t\t<\/script>\n[\/vc_column][\/vc_row][vc_row css=&#8221;.vc_custom_1752586205500{padding-top: 55px !important;padding-bottom: 55px !important;background-color: #FFFFFF !important;}&#8221;][vc_column][vc_custom_heading text=&#8221;How Do We Work?&#8221; font_container=&#8221;tag:h3|font_size:30px|text_align:center|color:%23333027|line_height:40px&#8221; google_fonts=&#8221;font_family:Montserrat%3Aregular%2C700|font_style:700%20bold%20regular%3A700%3Anormal&#8221; css=&#8221;&#8221;][vc_custom_heading text=&#8221;Fast &amp; Easy Like ABC&#8221; font_container=&#8221;tag:p|font_size:16px|text_align:center|color:%23333027|line_height:20px&#8221; google_fonts=&#8221;font_family:Montserrat%3Aregular%2C700|font_style:400%20regular%3A400%3Anormal&#8221; css=&#8221;.vc_custom_1752586308836{margin-bottom: 55px !important;}&#8221;][vc_row_inner][vc_column_inner width=&#8221;1\/3&#8243; css=&#8221;.vc_custom_1752586376357{margin-bottom: 25px !important;}&#8221;][vc_single_image image=&#8221;42&#8243; img_size=&#8221;full&#8221; alignment=&#8221;center&#8221; css=&#8221;.vc_custom_1752586353395{margin-bottom: 30px !important;}&#8221;][vc_custom_heading text=&#8221;Request a FREE Quote&#8221; font_container=&#8221;tag:h3|font_size:22px|text_align:center|color:%23333027|line_height:30px&#8221; google_fonts=&#8221;font_family:Montserrat%3Aregular%2C700|font_style:700%20bold%20regular%3A700%3Anormal&#8221; css=&#8221;&#8221;][vc_custom_heading text=&#8221;Email us at info@biohooldus.ee<br \/>\nor call +372 55 14 472&#8243; font_container=&#8221;tag:p|font_size:14px|text_align:center|color:%23333027|line_height:18px&#8221; google_fonts=&#8221;font_family:Montserrat%3Aregular%2C700|font_style:400%20regular%3A400%3Anormal&#8221; css=&#8221;.vc_custom_1752586481915{margin-bottom: 55px !important;}&#8221;][\/vc_column_inner][vc_column_inner el_class=&#8221;beh-aft&#8221; width=&#8221;1\/3&#8243; css=&#8221;.vc_custom_1752586993616{margin-bottom: 25px !important;}&#8221;][vc_single_image image=&#8221;41&#8243; img_size=&#8221;full&#8221; alignment=&#8221;center&#8221; css=&#8221;.vc_custom_1752586408203{margin-bottom: 30px !important;}&#8221;][vc_custom_heading text=&#8221;We Perform the Work&#8221; font_container=&#8221;tag:h3|font_size:22px|text_align:center|color:%23333027|line_height:30px&#8221; google_fonts=&#8221;font_family:Montserrat%3Aregular%2C700|font_style:700%20bold%20regular%3A700%3Anormal&#8221; css=&#8221;&#8221;][vc_custom_heading text=&#8221;Our cleaning specialists carry out the requested work and the project manager performs quality control.&#8221; font_container=&#8221;tag:p|font_size:14px|text_align:center|color:%23333027|line_height:18px&#8221; google_fonts=&#8221;font_family:Montserrat%3Aregular%2C700|font_style:400%20regular%3A400%3Anormal&#8221; css=&#8221;.vc_custom_1752586542921{margin-bottom: 55px !important;}&#8221;][\/vc_column_inner][vc_column_inner width=&#8221;1\/3&#8243; css=&#8221;.vc_custom_1752586387472{margin-bottom: 25px !important;}&#8221;][vc_single_image image=&#8221;40&#8243; img_size=&#8221;full&#8221; alignment=&#8221;center&#8221; css=&#8221;.vc_custom_1752586416071{margin-bottom: 30px !important;}&#8221;][vc_custom_heading text=&#8221;Enjoy Reliable Equipment&#8221; font_container=&#8221;tag:h3|font_size:22px|text_align:center|color:%23333027|line_height:30px&#8221; google_fonts=&#8221;font_family:Montserrat%3Aregular%2C700|font_style:700%20bold%20regular%3A700%3Anormal&#8221; css=&#8221;&#8221;][vc_custom_heading text=&#8221;Your well or industrial equipment is clean and serviced again.&#8221; font_container=&#8221;tag:p|font_size:14px|text_align:center|color:%23333027|line_height:18px&#8221; google_fonts=&#8221;font_family:Montserrat%3Aregular%2C700|font_style:400%20regular%3A400%3Anormal&#8221; css=&#8221;.vc_custom_1752586557106{margin-bottom: 55px !important;}&#8221;][\/vc_column_inner][\/vc_row_inner][\/vc_column][\/vc_row][vc_row css=&#8221;.vc_custom_1752587531095{padding-top: 60px !important;padding-bottom: 60px !important;background-color: #00000000 !important;}&#8221;][vc_column][vc_custom_heading text=&#8221;Effective Cleaning, Long-Lasting Results&#8221; font_container=&#8221;tag:h3|font_size:30px|text_align:center|color:%23333027|line_height:40px&#8221; google_fonts=&#8221;font_family:Montserrat%3Aregular%2C700|font_style:700%20bold%20regular%3A700%3Anormal&#8221; css=&#8221;&#8221;][vc_custom_heading text=&#8221;Our Vacuum Truck Cleaning Services&#8221; font_container=&#8221;tag:p|font_size:16px|text_align:center|color:%23333027|line_height:20px&#8221; google_fonts=&#8221;font_family:Montserrat%3Aregular%2C700|font_style:400%20regular%3A400%3Anormal&#8221; css=&#8221;.vc_custom_1752587498420{margin-bottom: 50px !important;}&#8221;][vc_row_inner][vc_column_inner el_class=&#8221;teenus-esilehel&#8221; width=&#8221;1\/3&#8243; css=&#8221;.vc_custom_1752611456401{margin-bottom: 25px !important;}&#8221;]<div class=\"product_feature prod_feature_counter_1  text-center  mb-4\" ><style type=\"text\/css\" scoped=\"scoped\">.product_feature.prod_feature_counter_1 .pf_content h4 {color: #333027;font-size: 16px;font-weight: 600;line-height: 20px;margin-top: ;margin-bottom: 15\u00b40px;}.product_feature.prod_feature_counter_1 .pf_content .pf_description {font-size: 14px;line-height: 20px;color: #333027;}<\/style><div class=\"pf_icon flex-none mb-6\"><img decoding=\"async\" src=\"https:\/\/biohooldus.ee\/wp-content\/uploads\/2025\/07\/kaevude-puhastamine-1.jpg\" class=\"mx-auto pf-image-center\" alt=\"\"><\/div><div class=\"pf_content\"><h4 class=\"mb-4 text-lg leading-none font-bold text-gray-800\">Well Cleaning<\/h4><div class=\"pf_description\">Well cleaning is an essential maintenance process that ensures clean drinking water, proper water supply, and prevents contamination of the well water.<\/p>\n<p><a href=\"https:\/\/biohooldus.ee\/en\/services\/sewer-cleaning\/\">View Service<\/a><\/div><\/div><\/div>[\/vc_column_inner][vc_column_inner el_class=&#8221;teenus-esilehel&#8221; width=&#8221;1\/3&#8243; css=&#8221;.vc_custom_1752611472910{margin-bottom: 25px !important;}&#8221;]<div class=\"product_feature prod_feature_counter_2  text-center  mb-4\" ><style type=\"text\/css\" scoped=\"scoped\">.product_feature.prod_feature_counter_2 .pf_content h4 {color: #333027;font-size: 16px;font-weight: 600;line-height: 20px;margin-top: ;margin-bottom: 15\u00b40px;}.product_feature.prod_feature_counter_2 .pf_content .pf_description {font-size: 14px;line-height: 20px;color: #333027;}<\/style><div class=\"pf_icon flex-none mb-6\"><img decoding=\"async\" src=\"https:\/\/biohooldus.ee\/wp-content\/uploads\/2025\/09\/fekaalivedu.jpg\" class=\"mx-auto pf-image-center\" alt=\"\"><\/div><div class=\"pf_content\"><h4 class=\"mb-4 text-lg leading-none font-bold text-gray-800\">Sewerage<\/h4><div class=\"pf_description\">The sewage transport service is provided using a tanker truck equipped with a special vacuum pump, which allows sewage tanks, septic tanks, and dry toilets to be emptied quickly and hygienically.<\/p>\n<p><a href=\"https:\/\/biohooldus.ee\/en\/services\/sewerage\/\">View Service<\/a><\/div><\/div><\/div>[\/vc_column_inner][vc_column_inner el_class=&#8221;teenus-esilehel&#8221; width=&#8221;1\/3&#8243; css=&#8221;.vc_custom_1752611476251{margin-bottom: 25px !important;}&#8221;]<div class=\"product_feature prod_feature_counter_3  text-center  mb-4\" ><style type=\"text\/css\" scoped=\"scoped\">.product_feature.prod_feature_counter_3 .pf_content h4 {color: #333027;font-size: 16px;font-weight: 600;line-height: 20px;margin-top: ;margin-bottom: 15\u00b40px;}.product_feature.prod_feature_counter_3 .pf_content .pf_description {font-size: 14px;line-height: 20px;color: #333027;}<\/style><div class=\"pf_icon flex-none mb-6\"><img decoding=\"async\" src=\"https:\/\/biohooldus.ee\/wp-content\/uploads\/2025\/07\/olipuuduri-puhastus.jpg\" class=\"mx-auto pf-image-center\" alt=\"\"><\/div><div class=\"pf_content\"><h4 class=\"mb-4 text-lg leading-none font-bold text-gray-800\">Oil Separator Cleaning<\/h4><div class=\"pf_description\">Oil separator cleaning with a vacuum truck is an essential service that ensures proper functioning of the sewer system and helps prevent environmental pollution.<\/p>\n<p><a href=\"https:\/\/biohooldus.ee\/en\/services\/oil-separator\/\">View Service<\/a><\/div><\/div><\/div>[\/vc_column_inner][\/vc_row_inner][vc_button title=&#8221;Contact Us Here&#8221; shape=&#8221;round&#8221; size=&#8221;large&#8221; color=&#8221;custom&#8221; uppercase=&#8221;no&#8221; custom_font_size=&#8221;15&#8243; custom_line_height=&#8221;28px&#8221; custom_font_weight=&#8221;700&#8243; custom_letter_spacing=&#8221;0px&#8221; custom_color=&#8221;#FF8921&#8243; custom_border_color=&#8221;#FF8921&#8243; custom_text_color_hover=&#8221;#FF8921&#8243; custom_color_hover=&#8221;#FFFFFF&#8221; custom_border_color_hover=&#8221;#FF8921&#8243; padding_lr=&#8221;25px&#8221; href=&#8221;https:\/\/biohooldus.ee\/en\/contact\/&#8221;][\/vc_column][\/vc_row]\n<\/div>","protected":false},"excerpt":{"rendered":"<p>[vc_row][vc_column][\/vc_column][\/vc_row][vc_row css=&#8221;.vc_custom_1752586205500{padding-top: 55px !important;padding-bottom: 55px !important;background-color: #FFFFFF !important;}&#8221;][vc_column][vc_custom_heading text=&#8221;How Do We Work?&#8221; font_container=&#8221;tag:h3|font_size:30px|text_align:center|color:%23333027|line_height:40px&#8221; google_fonts=&#8221;font_family:Montserrat%3Aregular%2C700|font_style:700%20bold%20regular%3A700%3Anormal&#8221; css=&#8221;&#8221;][vc_custom_heading text=&#8221;Fast &amp; Easy Like ABC&#8221; font_container=&#8221;tag:p|font_size:16px|text_align:center|color:%23333027|line_height:20px&#8221; google_fonts=&#8221;font_family:Montserrat%3Aregular%2C700|font_style:400%20regular%3A400%3Anormal&#8221; css=&#8221;.vc_custom_1752586308836{margin-bottom: 55px !important;}&#8221;][vc_row_inner][vc_column_inner width=&#8221;1\/3&#8243; css=&#8221;.vc_custom_1752586376357{margin-bottom: 25px !important;}&#8221;][vc_single_image image=&#8221;42&#8243; img_size=&#8221;full&#8221; alignment=&#8221;center&#8221; css=&#8221;.vc_custom_1752586353395{margin-bottom: 30px !important;}&#8221;][vc_custom_heading text=&#8221;Request a FREE Quote&#8221; font_container=&#8221;tag:h3|font_size:22px|text_align:center|color:%23333027|line_height:30px&#8221; google_fonts=&#8221;font_family:Montserrat%3Aregular%2C700|font_style:700%20bold%20regular%3A700%3Anormal&#8221; css=&#8221;&#8221;][vc_custom_heading text=&#8221;Email us at info@biohooldus.ee or call +372 55 14 472&#8243; font_container=&#8221;tag:p|font_size:14px|text_align:center|color:%23333027|line_height:18px&#8221; google_fonts=&#8221;font_family:Montserrat%3Aregular%2C700|font_style:400%20regular%3A400%3Anormal&#8221; css=&#8221;.vc_custom_1752586481915{margin-bottom:&#8230;<\/p>\n","protected":false},"author":1,"featured_media":0,"parent":0,"menu_order":0,"comment_status":"closed","ping_status":"closed","template":"page-full.php","meta":{"footnotes":""},"class_list":["post-387","page","type-page","status-publish","hentry"],"yoast_head":"<!-- This site is optimized with the Yoast SEO plugin v27.3 - https:\/\/yoast.com\/product\/yoast-seo-wordpress\/ -->\n<title>BIO Hooldus | Trusted Industrial Cleaning Service | Learn more here<\/title>\n<meta name=\"description\" content=\"Industrial cleaning, well cleaning, sewer pipe cleaning, environmental pollution elimination, and more. Learn more &amp; request a quote\" \/>\n<meta name=\"robots\" content=\"index, follow, max-snippet:-1, max-image-preview:large, max-video-preview:-1\" \/>\n<link rel=\"canonical\" href=\"https:\/\/biohooldus.ee\/en\/\" \/>\n<meta property=\"og:locale\" content=\"en_US\" \/>\n<meta property=\"og:type\" content=\"article\" \/>\n<meta property=\"og:title\" content=\"BIO Hooldus | Trusted Industrial Cleaning Service | Learn more here\" \/>\n<meta property=\"og:description\" content=\"Industrial cleaning, well cleaning, sewer pipe cleaning, environmental pollution elimination, and more. Learn more &amp; request a quote\" \/>\n<meta property=\"og:url\" content=\"https:\/\/biohooldus.ee\/en\/\" \/>\n<meta property=\"og:site_name\" content=\"BIO Hooldus\" \/>\n<meta property=\"article:modified_time\" content=\"2025-09-23T07:11:21+00:00\" \/>\n<meta property=\"og:image\" content=\"https:\/\/biohooldus.ee\/wp-content\/uploads\/2025\/09\/biohooldus.jpg\" \/>\n\t<meta property=\"og:image:width\" content=\"1200\" \/>\n\t<meta property=\"og:image:height\" content=\"675\" \/>\n\t<meta property=\"og:image:type\" content=\"image\/jpeg\" \/>\n<meta name=\"twitter:card\" content=\"summary_large_image\" \/>\n<meta name=\"twitter:label1\" content=\"Est. reading time\" \/>\n\t<meta name=\"twitter:data1\" content=\"3 minutes\" \/>\n<script type=\"application\/ld+json\" class=\"yoast-schema-graph\">{\"@context\":\"https:\\\/\\\/schema.org\",\"@graph\":[{\"@type\":\"WebPage\",\"@id\":\"https:\\\/\\\/biohooldus.ee\\\/en\\\/\",\"url\":\"https:\\\/\\\/biohooldus.ee\\\/en\\\/\",\"name\":\"BIO Hooldus | Trusted Industrial Cleaning Service | Learn more here\",\"isPartOf\":{\"@id\":\"https:\\\/\\\/biohooldus.ee\\\/en\\\/#website\"},\"datePublished\":\"2025-07-15T04:55:18+00:00\",\"dateModified\":\"2025-09-23T07:11:21+00:00\",\"description\":\"Industrial cleaning, well cleaning, sewer pipe cleaning, environmental pollution elimination, and more. Learn more & request a quote\",\"breadcrumb\":{\"@id\":\"https:\\\/\\\/biohooldus.ee\\\/en\\\/#breadcrumb\"},\"inLanguage\":\"en-US\",\"potentialAction\":[{\"@type\":\"ReadAction\",\"target\":[\"https:\\\/\\\/biohooldus.ee\\\/en\\\/\"]}]},{\"@type\":\"BreadcrumbList\",\"@id\":\"https:\\\/\\\/biohooldus.ee\\\/en\\\/#breadcrumb\",\"itemListElement\":[{\"@type\":\"ListItem\",\"position\":1,\"name\":\"Home\",\"item\":\"https:\\\/\\\/biohooldus.ee\\\/en\\\/\"},{\"@type\":\"ListItem\",\"position\":2,\"name\":\"Homepage\"}]},{\"@type\":\"WebSite\",\"@id\":\"https:\\\/\\\/biohooldus.ee\\\/en\\\/#website\",\"url\":\"https:\\\/\\\/biohooldus.ee\\\/en\\\/\",\"name\":\"BIO Hooldus\",\"description\":\"Usaldusv\u00e4\u00e4rne t\u00f6\u00f6stuslik puhastusteenus\",\"potentialAction\":[{\"@type\":\"SearchAction\",\"target\":{\"@type\":\"EntryPoint\",\"urlTemplate\":\"https:\\\/\\\/biohooldus.ee\\\/en\\\/?s={search_term_string}\"},\"query-input\":{\"@type\":\"PropertyValueSpecification\",\"valueRequired\":true,\"valueName\":\"search_term_string\"}}],\"inLanguage\":\"en-US\"}]}<\/script>\n<!-- \/ Yoast SEO plugin. -->","yoast_head_json":{"title":"BIO Hooldus | Trusted Industrial Cleaning Service | Learn more here","description":"Industrial cleaning, well cleaning, sewer pipe cleaning, environmental pollution elimination, and more. Learn more & request a quote","robots":{"index":"index","follow":"follow","max-snippet":"max-snippet:-1","max-image-preview":"max-image-preview:large","max-video-preview":"max-video-preview:-1"},"canonical":"https:\/\/biohooldus.ee\/en\/","og_locale":"en_US","og_type":"article","og_title":"BIO Hooldus | Trusted Industrial Cleaning Service | Learn more here","og_description":"Industrial cleaning, well cleaning, sewer pipe cleaning, environmental pollution elimination, and more. Learn more & request a quote","og_url":"https:\/\/biohooldus.ee\/en\/","og_site_name":"BIO Hooldus","article_modified_time":"2025-09-23T07:11:21+00:00","og_image":[{"width":1200,"height":675,"url":"https:\/\/biohooldus.ee\/wp-content\/uploads\/2025\/09\/biohooldus.jpg","type":"image\/jpeg"}],"twitter_card":"summary_large_image","twitter_misc":{"Est. reading time":"3 minutes"},"schema":{"@context":"https:\/\/schema.org","@graph":[{"@type":"WebPage","@id":"https:\/\/biohooldus.ee\/en\/","url":"https:\/\/biohooldus.ee\/en\/","name":"BIO Hooldus | Trusted Industrial Cleaning Service | Learn more here","isPartOf":{"@id":"https:\/\/biohooldus.ee\/en\/#website"},"datePublished":"2025-07-15T04:55:18+00:00","dateModified":"2025-09-23T07:11:21+00:00","description":"Industrial cleaning, well cleaning, sewer pipe cleaning, environmental pollution elimination, and more. Learn more & request a quote","breadcrumb":{"@id":"https:\/\/biohooldus.ee\/en\/#breadcrumb"},"inLanguage":"en-US","potentialAction":[{"@type":"ReadAction","target":["https:\/\/biohooldus.ee\/en\/"]}]},{"@type":"BreadcrumbList","@id":"https:\/\/biohooldus.ee\/en\/#breadcrumb","itemListElement":[{"@type":"ListItem","position":1,"name":"Home","item":"https:\/\/biohooldus.ee\/en\/"},{"@type":"ListItem","position":2,"name":"Homepage"}]},{"@type":"WebSite","@id":"https:\/\/biohooldus.ee\/en\/#website","url":"https:\/\/biohooldus.ee\/en\/","name":"BIO Hooldus","description":"Usaldusv\u00e4\u00e4rne t\u00f6\u00f6stuslik puhastusteenus","potentialAction":[{"@type":"SearchAction","target":{"@type":"EntryPoint","urlTemplate":"https:\/\/biohooldus.ee\/en\/?s={search_term_string}"},"query-input":{"@type":"PropertyValueSpecification","valueRequired":true,"valueName":"search_term_string"}}],"inLanguage":"en-US"}]}},"_links":{"self":[{"href":"https:\/\/biohooldus.ee\/en\/wp-json\/wp\/v2\/pages\/387","targetHints":{"allow":["GET"]}}],"collection":[{"href":"https:\/\/biohooldus.ee\/en\/wp-json\/wp\/v2\/pages"}],"about":[{"href":"https:\/\/biohooldus.ee\/en\/wp-json\/wp\/v2\/types\/page"}],"author":[{"embeddable":true,"href":"https:\/\/biohooldus.ee\/en\/wp-json\/wp\/v2\/users\/1"}],"replies":[{"embeddable":true,"href":"https:\/\/biohooldus.ee\/en\/wp-json\/wp\/v2\/comments?post=387"}],"version-history":[{"count":6,"href":"https:\/\/biohooldus.ee\/en\/wp-json\/wp\/v2\/pages\/387\/revisions"}],"predecessor-version":[{"id":664,"href":"https:\/\/biohooldus.ee\/en\/wp-json\/wp\/v2\/pages\/387\/revisions\/664"}],"wp:attachment":[{"href":"https:\/\/biohooldus.ee\/en\/wp-json\/wp\/v2\/media?parent=387"}],"curies":[{"name":"wp","href":"https:\/\/api.w.org\/{rel}","templated":true}]}}