{"id":381,"date":"2025-07-15T07:55:30","date_gmt":"2025-07-15T07:55:30","guid":{"rendered":"https:\/\/biohooldus.ee\/about-us\/"},"modified":"2025-07-31T07:52:14","modified_gmt":"2025-07-31T07:52:14","slug":"about-us","status":"publish","type":"page","link":"https:\/\/biohooldus.ee\/en\/about-us\/","title":{"rendered":"About Us"},"content":{"rendered":"<div class=\"wpb-content-wrapper\">[vc_row css=&#8221;.vc_custom_1752731572642{margin-top: 50px !important;margin-bottom: 50px !important;}&#8221;][vc_column col_shadow=&#8221;&#8221; width=&#8221;1\/6&#8243; css=&#8221;.vc_custom_1752729701834{margin-top: 25px !important;margin-bottom: 25px !important;}&#8221;][\/vc_column][vc_column width=&#8221;2\/3&#8243;][vc_column_text css=&#8221;.vc_custom_1752731834442{margin-bottom: 40px !important;}&#8221; line_height=&#8221;30px&#8221;]\n<h1 style=\"text-align: center;\">25+ Years of <span class=\"highlight\">Experience<\/span> in Industrial Equipment Cleaning<\/h1>\n<p style=\"text-align: center;\">The company was founded by top industry professionals, and our cleaning staff are specially trained!<\/p>\n[\/vc_column_text][vc_row_inner el_class=&#8221;keskel&#8221;][vc_column_inner][vc_button title=&#8221;Request a Quote Here&#8221; shape=&#8221;round&#8221; size=&#8221;large&#8221; color=&#8221;custom&#8221; uppercase=&#8221;no&#8221; custom_font_size=&#8221;15px&#8221; custom_line_height=&#8221;30px&#8221; custom_font_weight=&#8221;600&#8243; custom_letter_spacing=&#8221;0px&#8221; custom_color=&#8221;#FF8921&#8243; custom_border_color=&#8221;#FF8921&#8243; custom_text_color_hover=&#8221;#FF8921&#8243; custom_color_hover=&#8221;#FFFFFF&#8221; custom_border_color_hover=&#8221;#FF8921&#8243; padding_lr=&#8221;30px&#8221; inline_button=&#8221;yes&#8221; css_animation=&#8221;fadeInUp&#8221; href=&#8221;https:\/\/biohooldus.ee\/en\/contact\/&#8221; delay=&#8221;500&#8243;][vc_button title=&#8221;+372 55 14 472&#8243; shape=&#8221;round&#8221; size=&#8221;large&#8221; color=&#8221;custom&#8221; uppercase=&#8221;no&#8221; custom_font_size=&#8221;15px&#8221; custom_line_height=&#8221;30px&#8221; custom_font_weight=&#8221;600&#8243; custom_letter_spacing=&#8221;0px&#8221; custom_text_color=&#8221;#FF8921&#8243; custom_color=&#8221;#FFFFFF&#8221; custom_border_color=&#8221;#FF8921&#8243; custom_text_color_hover=&#8221;#FFFFFF&#8221; custom_color_hover=&#8221;#FF8921&#8243; custom_border_color_hover=&#8221;#FF8921&#8243; padding_lr=&#8221;30px&#8221; inline_button=&#8221;yes&#8221; css_animation=&#8221;fadeInUp&#8221; href=&#8221;tel:%203725514472|&#8221; delay=&#8221;800&#8243;][\/vc_column_inner][\/vc_row_inner][\/vc_column][vc_column width=&#8221;1\/6&#8243;][\/vc_column][\/vc_row][vc_row css=&#8221;.vc_custom_1752732419172{padding-top: 60px !important;padding-bottom: 60px !important;background-color: #FFFFFF !important;border-radius: 35px !important;}&#8221;][vc_column width=&#8221;1\/3&#8243;][vc_single_image image=&#8221;96&#8243; img_size=&#8221;full&#8221; alignment=&#8221;center&#8221; css=&#8221;.vc_custom_1752732329721{margin-bottom: 40px !important;}&#8221;][\/vc_column][vc_column width=&#8221;2\/3&#8243;][vc_column_text css=&#8221;.vc_custom_1752732455812{margin-bottom: 30px !important;}&#8221; line_height=&#8221;24px&#8221;]\n<h2>Bio Hooldus \u2013 Smarter, Cleaner Industrial Environments<\/h2>\n<p>Bio Hooldus is a company <strong>specialized in cleaning industrial equipment and systems<\/strong>, founded by an industry expert with over 25 years of experience. Our focus is on providing professional and responsible cleaning services for complex, environmentally critical, and technically demanding situations.<\/p>\n<p>We serve clients throughout Estonia, offering solutions ranging from grease and oil separator maintenance to deep cleaning of industrial tanks and sewer systems. We use modern combo trucks that combine high-pressure jetting, vacuum pumping, and environmentally conscious waste management. Thanks to this, we can deliver <strong>fast, efficient, and compliant service<\/strong> even in the most critical scenarios \u2013 whether it\u2019s cleaning up environmental pollution, clearing blockages, or performing routine maintenance.<\/p>\n<p>Our team\u2019s strength lies in <strong>deep technical know-how<\/strong>, rapid response, and a strong safety culture. Bio Hooldus doesn\u2019t just clean equipment \u2013 we create a clean and sustainable working environment.[\/vc_column_text][vc_button title=&#8221;Request a Quote Here&#8221; shape=&#8221;round&#8221; size=&#8221;large&#8221; color=&#8221;custom&#8221; uppercase=&#8221;no&#8221; custom_font_size=&#8221;15px&#8221; custom_line_height=&#8221;30px&#8221; custom_font_weight=&#8221;600&#8243; custom_letter_spacing=&#8221;0px&#8221; custom_color=&#8221;#FF8921&#8243; custom_border_color=&#8221;#FF8921&#8243; custom_text_color_hover=&#8221;#FF8921&#8243; custom_color_hover=&#8221;#FFFFFF&#8221; custom_border_color_hover=&#8221;#FF8921&#8243; padding_lr=&#8221;30px&#8221; inline_button=&#8221;yes&#8221; css_animation=&#8221;fadeInUp&#8221; href=&#8221;https:\/\/biohooldus.ee\/en\/contact\/&#8221; delay=&#8221;500&#8243;][\/vc_column][\/vc_row]\n<\/div>","protected":false},"excerpt":{"rendered":"<p>[vc_row css=&#8221;.vc_custom_1752731572642{margin-top: 50px !important;margin-bottom: 50px !important;}&#8221;][vc_column col_shadow=&#8221;&#8221; width=&#8221;1\/6&#8243; css=&#8221;.vc_custom_1752729701834{margin-top: 25px !important;margin-bottom: 25px !important;}&#8221;][\/vc_column][vc_column width=&#8221;2\/3&#8243;][vc_column_text css=&#8221;.vc_custom_1752731834442{margin-bottom: 40px !important;}&#8221; line_height=&#8221;30px&#8221;] 25+ Years of Experience in Industrial Equipment Cleaning The company was founded by top industry professionals, and our cleaning staff are specially trained! [\/vc_column_text][vc_row_inner el_class=&#8221;keskel&#8221;][vc_column_inner][vc_button title=&#8221;Request a Quote Here&#8221; shape=&#8221;round&#8221; size=&#8221;large&#8221; color=&#8221;custom&#8221; uppercase=&#8221;no&#8221; custom_font_size=&#8221;15px&#8221; custom_line_height=&#8221;30px&#8221; custom_font_weight=&#8221;600&#8243; custom_letter_spacing=&#8221;0px&#8221;&#8230;<\/p>\n","protected":false},"author":1,"featured_media":0,"parent":0,"menu_order":0,"comment_status":"closed","ping_status":"closed","template":"page-full.php","meta":{"footnotes":""},"class_list":["post-381","page","type-page","status-publish","hentry"],"yoast_head":"<!-- This site is optimized with the Yoast SEO plugin v27.3 - https:\/\/yoast.com\/product\/yoast-seo-wordpress\/ -->\n<title>About Us - BIO Hooldus<\/title>\n<meta name=\"robots\" content=\"index, follow, max-snippet:-1, max-image-preview:large, max-video-preview:-1\" \/>\n<link rel=\"canonical\" href=\"https:\/\/biohooldus.ee\/en\/about-us\/\" \/>\n<meta property=\"og:locale\" content=\"en_US\" \/>\n<meta property=\"og:type\" content=\"article\" \/>\n<meta property=\"og:title\" content=\"About Us - BIO Hooldus\" \/>\n<meta property=\"og:description\" content=\"[vc_row css=&#8221;.vc_custom_1752731572642{margin-top: 50px !important;margin-bottom: 50px !important;}&#8221;][vc_column col_shadow=&#8221;&#8221; width=&#8221;1\/6&#8243; css=&#8221;.vc_custom_1752729701834{margin-top: 25px !important;margin-bottom: 25px !important;}&#8221;][\/vc_column][vc_column width=&#8221;2\/3&#8243;][vc_column_text css=&#8221;.vc_custom_1752731834442{margin-bottom: 40px !important;}&#8221; line_height=&#8221;30px&#8221;] 25+ Years of Experience in Industrial Equipment Cleaning The company was founded by top industry professionals, and our cleaning staff are specially trained! [\/vc_column_text][vc_row_inner el_class=&#8221;keskel&#8221;][vc_column_inner][vc_button title=&#8221;Request a Quote Here&#8221; shape=&#8221;round&#8221; size=&#8221;large&#8221; color=&#8221;custom&#8221; uppercase=&#8221;no&#8221; custom_font_size=&#8221;15px&#8221; custom_line_height=&#8221;30px&#8221; custom_font_weight=&#8221;600&#8243; custom_letter_spacing=&#8221;0px&#8221;...\" \/>\n<meta property=\"og:url\" content=\"https:\/\/biohooldus.ee\/en\/about-us\/\" \/>\n<meta property=\"og:site_name\" content=\"BIO Hooldus\" \/>\n<meta property=\"article:modified_time\" content=\"2025-07-31T07:52:14+00:00\" \/>\n<meta property=\"og:image\" content=\"https:\/\/biohooldus.ee\/wp-content\/uploads\/2025\/09\/biohooldus.jpg\" \/>\n\t<meta property=\"og:image:width\" content=\"1200\" \/>\n\t<meta property=\"og:image:height\" content=\"675\" \/>\n\t<meta property=\"og:image:type\" content=\"image\/jpeg\" \/>\n<meta name=\"twitter:card\" content=\"summary_large_image\" \/>\n<meta name=\"twitter:label1\" content=\"Est. reading time\" \/>\n\t<meta name=\"twitter:data1\" content=\"2 minutes\" \/>\n<script type=\"application\/ld+json\" class=\"yoast-schema-graph\">{\"@context\":\"https:\\\/\\\/schema.org\",\"@graph\":[{\"@type\":\"WebPage\",\"@id\":\"https:\\\/\\\/biohooldus.ee\\\/en\\\/about-us\\\/\",\"url\":\"https:\\\/\\\/biohooldus.ee\\\/en\\\/about-us\\\/\",\"name\":\"About Us - BIO Hooldus\",\"isPartOf\":{\"@id\":\"https:\\\/\\\/biohooldus.ee\\\/en\\\/#website\"},\"datePublished\":\"2025-07-15T07:55:30+00:00\",\"dateModified\":\"2025-07-31T07:52:14+00:00\",\"breadcrumb\":{\"@id\":\"https:\\\/\\\/biohooldus.ee\\\/en\\\/about-us\\\/#breadcrumb\"},\"inLanguage\":\"en-US\",\"potentialAction\":[{\"@type\":\"ReadAction\",\"target\":[\"https:\\\/\\\/biohooldus.ee\\\/en\\\/about-us\\\/\"]}]},{\"@type\":\"BreadcrumbList\",\"@id\":\"https:\\\/\\\/biohooldus.ee\\\/en\\\/about-us\\\/#breadcrumb\",\"itemListElement\":[{\"@type\":\"ListItem\",\"position\":1,\"name\":\"Home\",\"item\":\"https:\\\/\\\/biohooldus.ee\\\/en\\\/\"},{\"@type\":\"ListItem\",\"position\":2,\"name\":\"About Us\"}]},{\"@type\":\"WebSite\",\"@id\":\"https:\\\/\\\/biohooldus.ee\\\/en\\\/#website\",\"url\":\"https:\\\/\\\/biohooldus.ee\\\/en\\\/\",\"name\":\"BIO Hooldus\",\"description\":\"Usaldusv\u00e4\u00e4rne t\u00f6\u00f6stuslik puhastusteenus\",\"potentialAction\":[{\"@type\":\"SearchAction\",\"target\":{\"@type\":\"EntryPoint\",\"urlTemplate\":\"https:\\\/\\\/biohooldus.ee\\\/en\\\/?s={search_term_string}\"},\"query-input\":{\"@type\":\"PropertyValueSpecification\",\"valueRequired\":true,\"valueName\":\"search_term_string\"}}],\"inLanguage\":\"en-US\"}]}<\/script>\n<!-- \/ Yoast SEO plugin. -->","yoast_head_json":{"title":"About Us - BIO Hooldus","robots":{"index":"index","follow":"follow","max-snippet":"max-snippet:-1","max-image-preview":"max-image-preview:large","max-video-preview":"max-video-preview:-1"},"canonical":"https:\/\/biohooldus.ee\/en\/about-us\/","og_locale":"en_US","og_type":"article","og_title":"About Us - BIO Hooldus","og_description":"[vc_row css=&#8221;.vc_custom_1752731572642{margin-top: 50px !important;margin-bottom: 50px !important;}&#8221;][vc_column col_shadow=&#8221;&#8221; width=&#8221;1\/6&#8243; css=&#8221;.vc_custom_1752729701834{margin-top: 25px !important;margin-bottom: 25px !important;}&#8221;][\/vc_column][vc_column width=&#8221;2\/3&#8243;][vc_column_text css=&#8221;.vc_custom_1752731834442{margin-bottom: 40px !important;}&#8221; line_height=&#8221;30px&#8221;] 25+ Years of Experience in Industrial Equipment Cleaning The company was founded by top industry professionals, and our cleaning staff are specially trained! [\/vc_column_text][vc_row_inner el_class=&#8221;keskel&#8221;][vc_column_inner][vc_button title=&#8221;Request a Quote Here&#8221; shape=&#8221;round&#8221; size=&#8221;large&#8221; color=&#8221;custom&#8221; uppercase=&#8221;no&#8221; custom_font_size=&#8221;15px&#8221; custom_line_height=&#8221;30px&#8221; custom_font_weight=&#8221;600&#8243; custom_letter_spacing=&#8221;0px&#8221;...","og_url":"https:\/\/biohooldus.ee\/en\/about-us\/","og_site_name":"BIO Hooldus","article_modified_time":"2025-07-31T07:52:14+00:00","og_image":[{"width":1200,"height":675,"url":"https:\/\/biohooldus.ee\/wp-content\/uploads\/2025\/09\/biohooldus.jpg","type":"image\/jpeg"}],"twitter_card":"summary_large_image","twitter_misc":{"Est. reading time":"2 minutes"},"schema":{"@context":"https:\/\/schema.org","@graph":[{"@type":"WebPage","@id":"https:\/\/biohooldus.ee\/en\/about-us\/","url":"https:\/\/biohooldus.ee\/en\/about-us\/","name":"About Us - BIO Hooldus","isPartOf":{"@id":"https:\/\/biohooldus.ee\/en\/#website"},"datePublished":"2025-07-15T07:55:30+00:00","dateModified":"2025-07-31T07:52:14+00:00","breadcrumb":{"@id":"https:\/\/biohooldus.ee\/en\/about-us\/#breadcrumb"},"inLanguage":"en-US","potentialAction":[{"@type":"ReadAction","target":["https:\/\/biohooldus.ee\/en\/about-us\/"]}]},{"@type":"BreadcrumbList","@id":"https:\/\/biohooldus.ee\/en\/about-us\/#breadcrumb","itemListElement":[{"@type":"ListItem","position":1,"name":"Home","item":"https:\/\/biohooldus.ee\/en\/"},{"@type":"ListItem","position":2,"name":"About Us"}]},{"@type":"WebSite","@id":"https:\/\/biohooldus.ee\/en\/#website","url":"https:\/\/biohooldus.ee\/en\/","name":"BIO Hooldus","description":"Usaldusv\u00e4\u00e4rne t\u00f6\u00f6stuslik puhastusteenus","potentialAction":[{"@type":"SearchAction","target":{"@type":"EntryPoint","urlTemplate":"https:\/\/biohooldus.ee\/en\/?s={search_term_string}"},"query-input":{"@type":"PropertyValueSpecification","valueRequired":true,"valueName":"search_term_string"}}],"inLanguage":"en-US"}]}},"_links":{"self":[{"href":"https:\/\/biohooldus.ee\/en\/wp-json\/wp\/v2\/pages\/381","targetHints":{"allow":["GET"]}}],"collection":[{"href":"https:\/\/biohooldus.ee\/en\/wp-json\/wp\/v2\/pages"}],"about":[{"href":"https:\/\/biohooldus.ee\/en\/wp-json\/wp\/v2\/types\/page"}],"author":[{"embeddable":true,"href":"https:\/\/biohooldus.ee\/en\/wp-json\/wp\/v2\/users\/1"}],"replies":[{"embeddable":true,"href":"https:\/\/biohooldus.ee\/en\/wp-json\/wp\/v2\/comments?post=381"}],"version-history":[{"count":6,"href":"https:\/\/biohooldus.ee\/en\/wp-json\/wp\/v2\/pages\/381\/revisions"}],"predecessor-version":[{"id":537,"href":"https:\/\/biohooldus.ee\/en\/wp-json\/wp\/v2\/pages\/381\/revisions\/537"}],"wp:attachment":[{"href":"https:\/\/biohooldus.ee\/en\/wp-json\/wp\/v2\/media?parent=381"}],"curies":[{"name":"wp","href":"https:\/\/api.w.org\/{rel}","templated":true}]}}