{"id":380,"date":"2025-07-15T07:55:37","date_gmt":"2025-07-15T07:55:37","guid":{"rendered":"https:\/\/biohooldus.ee\/services\/"},"modified":"2025-07-15T07:55:37","modified_gmt":"2025-07-15T07:55:37","slug":"services","status":"publish","type":"page","link":"https:\/\/biohooldus.ee\/en\/services\/","title":{"rendered":"Services"},"content":{"rendered":"","protected":false},"excerpt":{"rendered":"","protected":false},"author":1,"featured_media":0,"parent":0,"menu_order":0,"comment_status":"closed","ping_status":"closed","template":"","meta":{"footnotes":""},"class_list":["post-380","page","type-page","status-publish","hentry"],"yoast_head":"<!-- This site is optimized with the Yoast SEO plugin v27.3 - https:\/\/yoast.com\/product\/yoast-seo-wordpress\/ -->\n<title>Services - BIO Hooldus<\/title>\n<meta name=\"robots\" content=\"index, follow, max-snippet:-1, max-image-preview:large, max-video-preview:-1\" \/>\n<link rel=\"canonical\" href=\"https:\/\/biohooldus.ee\/en\/services\/\" \/>\n<meta property=\"og:locale\" content=\"en_US\" \/>\n<meta property=\"og:type\" content=\"article\" \/>\n<meta property=\"og:title\" content=\"Services - BIO Hooldus\" \/>\n<meta property=\"og:url\" content=\"https:\/\/biohooldus.ee\/en\/services\/\" \/>\n<meta property=\"og:site_name\" content=\"BIO Hooldus\" \/>\n<meta property=\"og:image\" content=\"https:\/\/biohooldus.ee\/wp-content\/uploads\/2025\/09\/biohooldus.jpg\" \/>\n\t<meta property=\"og:image:width\" content=\"1200\" \/>\n\t<meta property=\"og:image:height\" content=\"675\" \/>\n\t<meta property=\"og:image:type\" content=\"image\/jpeg\" \/>\n<meta name=\"twitter:card\" content=\"summary_large_image\" \/>\n<script type=\"application\/ld+json\" class=\"yoast-schema-graph\">{\"@context\":\"https:\\\/\\\/schema.org\",\"@graph\":[{\"@type\":\"WebPage\",\"@id\":\"https:\\\/\\\/biohooldus.ee\\\/en\\\/services\\\/\",\"url\":\"https:\\\/\\\/biohooldus.ee\\\/en\\\/services\\\/\",\"name\":\"Services - BIO Hooldus\",\"isPartOf\":{\"@id\":\"https:\\\/\\\/biohooldus.ee\\\/en\\\/#website\"},\"datePublished\":\"2025-07-15T07:55:37+00:00\",\"breadcrumb\":{\"@id\":\"https:\\\/\\\/biohooldus.ee\\\/en\\\/services\\\/#breadcrumb\"},\"inLanguage\":\"en-US\",\"potentialAction\":[{\"@type\":\"ReadAction\",\"target\":[\"https:\\\/\\\/biohooldus.ee\\\/en\\\/services\\\/\"]}]},{\"@type\":\"BreadcrumbList\",\"@id\":\"https:\\\/\\\/biohooldus.ee\\\/en\\\/services\\\/#breadcrumb\",\"itemListElement\":[{\"@type\":\"ListItem\",\"position\":1,\"name\":\"Home\",\"item\":\"https:\\\/\\\/biohooldus.ee\\\/en\\\/\"},{\"@type\":\"ListItem\",\"position\":2,\"name\":\"Services\"}]},{\"@type\":\"WebSite\",\"@id\":\"https:\\\/\\\/biohooldus.ee\\\/en\\\/#website\",\"url\":\"https:\\\/\\\/biohooldus.ee\\\/en\\\/\",\"name\":\"BIO Hooldus\",\"description\":\"Usaldusv\u00e4\u00e4rne t\u00f6\u00f6stuslik puhastusteenus\",\"potentialAction\":[{\"@type\":\"SearchAction\",\"target\":{\"@type\":\"EntryPoint\",\"urlTemplate\":\"https:\\\/\\\/biohooldus.ee\\\/en\\\/?s={search_term_string}\"},\"query-input\":{\"@type\":\"PropertyValueSpecification\",\"valueRequired\":true,\"valueName\":\"search_term_string\"}}],\"inLanguage\":\"en-US\"}]}<\/script>\n<!-- \/ Yoast SEO plugin. -->","yoast_head_json":{"title":"Services - BIO Hooldus","robots":{"index":"index","follow":"follow","max-snippet":"max-snippet:-1","max-image-preview":"max-image-preview:large","max-video-preview":"max-video-preview:-1"},"canonical":"https:\/\/biohooldus.ee\/en\/services\/","og_locale":"en_US","og_type":"article","og_title":"Services - BIO Hooldus","og_url":"https:\/\/biohooldus.ee\/en\/services\/","og_site_name":"BIO Hooldus","og_image":[{"width":1200,"height":675,"url":"https:\/\/biohooldus.ee\/wp-content\/uploads\/2025\/09\/biohooldus.jpg","type":"image\/jpeg"}],"twitter_card":"summary_large_image","schema":{"@context":"https:\/\/schema.org","@graph":[{"@type":"WebPage","@id":"https:\/\/biohooldus.ee\/en\/services\/","url":"https:\/\/biohooldus.ee\/en\/services\/","name":"Services - BIO Hooldus","isPartOf":{"@id":"https:\/\/biohooldus.ee\/en\/#website"},"datePublished":"2025-07-15T07:55:37+00:00","breadcrumb":{"@id":"https:\/\/biohooldus.ee\/en\/services\/#breadcrumb"},"inLanguage":"en-US","potentialAction":[{"@type":"ReadAction","target":["https:\/\/biohooldus.ee\/en\/services\/"]}]},{"@type":"BreadcrumbList","@id":"https:\/\/biohooldus.ee\/en\/services\/#breadcrumb","itemListElement":[{"@type":"ListItem","position":1,"name":"Home","item":"https:\/\/biohooldus.ee\/en\/"},{"@type":"ListItem","position":2,"name":"Services"}]},{"@type":"WebSite","@id":"https:\/\/biohooldus.ee\/en\/#website","url":"https:\/\/biohooldus.ee\/en\/","name":"BIO Hooldus","description":"Usaldusv\u00e4\u00e4rne t\u00f6\u00f6stuslik puhastusteenus","potentialAction":[{"@type":"SearchAction","target":{"@type":"EntryPoint","urlTemplate":"https:\/\/biohooldus.ee\/en\/?s={search_term_string}"},"query-input":{"@type":"PropertyValueSpecification","valueRequired":true,"valueName":"search_term_string"}}],"inLanguage":"en-US"}]}},"_links":{"self":[{"href":"https:\/\/biohooldus.ee\/en\/wp-json\/wp\/v2\/pages\/380","targetHints":{"allow":["GET"]}}],"collection":[{"href":"https:\/\/biohooldus.ee\/en\/wp-json\/wp\/v2\/pages"}],"about":[{"href":"https:\/\/biohooldus.ee\/en\/wp-json\/wp\/v2\/types\/page"}],"author":[{"embeddable":true,"href":"https:\/\/biohooldus.ee\/en\/wp-json\/wp\/v2\/users\/1"}],"replies":[{"embeddable":true,"href":"https:\/\/biohooldus.ee\/en\/wp-json\/wp\/v2\/comments?post=380"}],"version-history":[{"count":0,"href":"https:\/\/biohooldus.ee\/en\/wp-json\/wp\/v2\/pages\/380\/revisions"}],"wp:attachment":[{"href":"https:\/\/biohooldus.ee\/en\/wp-json\/wp\/v2\/media?parent=380"}],"curies":[{"name":"wp","href":"https:\/\/api.w.org\/{rel}","templated":true}]}}