{"id":377,"date":"2025-07-15T07:55:59","date_gmt":"2025-07-15T04:55:59","guid":{"rendered":"https:\/\/biohooldus.ee\/contact\/"},"modified":"2025-11-24T14:08:15","modified_gmt":"2025-11-24T12:08:15","slug":"contact","status":"publish","type":"page","link":"https:\/\/biohooldus.ee\/en\/contact\/","title":{"rendered":"Contact"},"content":{"rendered":"<div class=\"wpb-content-wrapper\">[vc_row css=&#8221;.vc_custom_1752729694619{margin-top: 25px !important;margin-bottom: 25px !important;}&#8221;][vc_column col_shadow=&#8221;&#8221; width=&#8221;2\/3&#8243; css=&#8221;.vc_custom_1752729701834{margin-top: 25px !important;margin-bottom: 25px !important;}&#8221;][vc_column_text css=&#8221;&#8221; line_height=&#8221;30px&#8221;]\n<h1>Our <span class=\"highlight\">Contacts<\/span><\/h1>\n<p>Bio Hooldus is a company specializing in the cleaning of industrial equipment and systems, founded by an industry expert with over 25 years of experience. Our focus is on delivering complex, environmentally critical, and technically demanding cleaning services in a professional and responsible manner.<\/p>\n<h4>O\u00dc Bio Hooldus<\/h4>\n<p><strong>Phone:<\/strong> +372 55 14 472<br \/>\n<strong>Email<\/strong>: info@biohooldus.ee<br \/>\n<strong>Bank account<\/strong> (LHV): EE247700771011755453<br \/>\n<strong>Reg. No:<\/strong> 17235345<br \/>\n<strong>VAT No:<\/strong> EE102865318<br \/>\n<strong>Address:<\/strong> J\u00f5el\u00e4htme tee 10, Kostivere, Harju maakond, 74204[\/vc_column_text][\/vc_column][vc_column col_shadow=&#8221;&#8221; width=&#8221;1\/3&#8243; css=&#8221;.vc_custom_1752730028623{margin-top: 25px !important;margin-bottom: 25px !important;}&#8221; el_class=&#8221;kont-vorm&#8221;][vc_custom_heading text=&#8221;Request a Quote&#8221; font_container=&#8221;tag:h3|font_size:30px|text_align:left|color:%23333027|line_height:50px&#8221; google_fonts=&#8221;font_family:Montserrat%3Aregular%2C700|font_style:700%20bold%20regular%3A700%3Anormal&#8221; css=&#8221;&#8221;]<div class=\"creativo_cf7 cf_scope_1 full_width none\"><style type=\"text\/css\" scoped=\"scoped\">.creativo_cf7.cf_scope_1{padding:0px;border-radius:0px;background-color:;width:100%;margin:0 auto;}.cf_scope_1 input,\r\n\t\t\t\t\t\t\t\t.cf_scope_1 textarea,\r\n\t\t\t\t\t\t\t\t.cf_scope_1 select {padding:10px;}.cf_scope_1 .wpcf7 {color:#333027;font-size:15px;}.cf_scope_1 input:not([type=\"submit\"]), .cf_scope_1 textarea, .cf_scope_1 select {font-size:15px; line-height: normal;background-color:#FFFFFF;border-width:1px;border-radius:12px;border-color:#FF8921;color:#333027;}.cf_scope_1 input:focus, .cf_scope_1 select:focus, .cf_scope_1 select:hover, .cf_scope_1 textarea:focus, .cf_scope_1 input:not([type=\"submit\"]):hover, .cf_scope_1 textarea:hover{background-color:#FCF9F4;border-color:#4C4A4A;color:#333027;}.cf_scope_1 textarea {height:130px;}.cf_scope_1 .wpcf7-submit, .cf_scope_1 .wpcf7-submit:focus {border: 1px solid #ccc;background-color:#FF8921;border-color:#FF8921;color:#FFFFFF;font-size:15px;font-weight:700;padding-top:10px;padding-bottom:10px;margin-top:10px; margin-right: 0; margin-bottom:0;text-align: center;line-height: 20px;border-radius:12px;margin:10px auto 0 auto; display:block;padding-left:12px;padding-right:12px;width:100%; text-align:center;transition: all 0.2s ease-in-out; -webkit-transition: all 0.2s ease-in-out;}.cf_scope_1 .wpcf7-submit:hover {background-color:#FFA95C;border-color:#FFA95C;color:#FFFFFF;}@media (max-width: 640px) {.creativo_cf7.cf_scope_1 {width: 100%;}}<\/style>\n<div class=\"wpcf7 no-js\" id=\"wpcf7-f442-o1\" lang=\"en-US\" dir=\"ltr\" data-wpcf7-id=\"442\">\n<div class=\"screen-reader-response\"><p role=\"status\" aria-live=\"polite\" aria-atomic=\"true\"><\/p> <ul><\/ul><\/div>\n<form action=\"\/en\/wp-json\/wp\/v2\/pages\/377#wpcf7-f442-o1\" method=\"post\" class=\"wpcf7-form init\" aria-label=\"Contact form\" novalidate=\"novalidate\" data-status=\"init\">\n<fieldset class=\"hidden-fields-container\"><input type=\"hidden\" name=\"_wpcf7\" value=\"442\" \/><input type=\"hidden\" name=\"_wpcf7_version\" value=\"6.1.5\" \/><input type=\"hidden\" name=\"_wpcf7_locale\" value=\"en_US\" \/><input type=\"hidden\" name=\"_wpcf7_unit_tag\" value=\"wpcf7-f442-o1\" \/><input type=\"hidden\" name=\"_wpcf7_container_post\" value=\"0\" \/><input type=\"hidden\" name=\"_wpcf7_posted_data_hash\" value=\"\" \/><input type=\"hidden\" name=\"_wpcf7_recaptcha_response\" value=\"\" \/>\n<\/fieldset>\n<p><span class=\"wpcf7-form-control-wrap\" data-name=\"text-730\"><input size=\"40\" maxlength=\"400\" class=\"wpcf7-form-control wpcf7-text wpcf7-validates-as-required\" aria-required=\"true\" aria-invalid=\"false\" placeholder=\"Your name*\" value=\"\" type=\"text\" name=\"text-730\" \/><\/span><br \/>\n<span class=\"wpcf7-form-control-wrap\" data-name=\"text-731\"><input size=\"40\" maxlength=\"400\" class=\"wpcf7-form-control wpcf7-text wpcf7-validates-as-required\" aria-required=\"true\" aria-invalid=\"false\" placeholder=\"Your phone*\" value=\"\" type=\"text\" name=\"text-731\" \/><\/span><br \/>\n<span class=\"wpcf7-form-control-wrap\" data-name=\"text-732\"><input size=\"40\" maxlength=\"400\" class=\"wpcf7-form-control wpcf7-text wpcf7-validates-as-required\" aria-required=\"true\" aria-invalid=\"false\" placeholder=\"Your email*\" value=\"\" type=\"text\" name=\"text-732\" \/><\/span><br \/>\n<span class=\"wpcf7-form-control-wrap\" data-name=\"text-733\"><input size=\"40\" maxlength=\"400\" class=\"wpcf7-form-control wpcf7-text wpcf7-validates-as-required\" aria-required=\"true\" aria-invalid=\"false\" placeholder=\"Desired service*\" value=\"\" type=\"text\" name=\"text-733\" \/><\/span><br \/>\n<span class=\"wpcf7-form-control-wrap\" data-name=\"textarea-617\"><textarea cols=\"40\" rows=\"10\" maxlength=\"2000\" class=\"wpcf7-form-control wpcf7-textarea\" aria-invalid=\"false\" placeholder=\"Additional info and questions\" name=\"textarea-617\"><\/textarea><\/span><br \/>\n<input class=\"wpcf7-form-control wpcf7-submit has-spinner send-btn\" type=\"submit\" value=\"Submit inquiry\" \/>\n<\/p><div class=\"wpcf7-response-output\" aria-hidden=\"true\"><\/div>\n<\/form>\n<\/div>\n<\/div>[\/vc_column][\/vc_row]\n<\/div>","protected":false},"excerpt":{"rendered":"<p>[vc_row css=&#8221;.vc_custom_1752729694619{margin-top: 25px !important;margin-bottom: 25px !important;}&#8221;][vc_column col_shadow=&#8221;&#8221; width=&#8221;2\/3&#8243; css=&#8221;.vc_custom_1752729701834{margin-top: 25px !important;margin-bottom: 25px !important;}&#8221;][vc_column_text css=&#8221;&#8221; line_height=&#8221;30px&#8221;] Our Contacts Bio Hooldus is a company specializing in the cleaning of industrial equipment and systems, founded by an industry expert with over 25 years of experience. Our focus is on delivering complex, environmentally critical, and technically demanding cleaning services&#8230;<\/p>\n","protected":false},"author":1,"featured_media":0,"parent":0,"menu_order":0,"comment_status":"closed","ping_status":"closed","template":"page-full.php","meta":{"footnotes":""},"class_list":["post-377","page","type-page","status-publish","hentry"],"yoast_head":"<!-- This site is optimized with the Yoast SEO plugin v27.3 - https:\/\/yoast.com\/product\/yoast-seo-wordpress\/ -->\n<title>Contact - BIO Hooldus<\/title>\n<meta name=\"robots\" content=\"index, follow, max-snippet:-1, max-image-preview:large, max-video-preview:-1\" \/>\n<link rel=\"canonical\" href=\"https:\/\/biohooldus.ee\/en\/contact\/\" \/>\n<meta property=\"og:locale\" content=\"en_US\" \/>\n<meta property=\"og:type\" content=\"article\" \/>\n<meta property=\"og:title\" content=\"Contact - BIO Hooldus\" \/>\n<meta property=\"og:description\" content=\"[vc_row css=&#8221;.vc_custom_1752729694619{margin-top: 25px !important;margin-bottom: 25px !important;}&#8221;][vc_column col_shadow=&#8221;&#8221; width=&#8221;2\/3&#8243; css=&#8221;.vc_custom_1752729701834{margin-top: 25px !important;margin-bottom: 25px !important;}&#8221;][vc_column_text css=&#8221;&#8221; line_height=&#8221;30px&#8221;] Our Contacts Bio Hooldus is a company specializing in the cleaning of industrial equipment and systems, founded by an industry expert with over 25 years of experience. Our focus is on delivering complex, environmentally critical, and technically demanding cleaning services...\" \/>\n<meta property=\"og:url\" content=\"https:\/\/biohooldus.ee\/en\/contact\/\" \/>\n<meta property=\"og:site_name\" content=\"BIO Hooldus\" \/>\n<meta property=\"article:modified_time\" content=\"2025-11-24T12:08:15+00:00\" \/>\n<meta property=\"og:image\" content=\"https:\/\/biohooldus.ee\/wp-content\/uploads\/2025\/09\/biohooldus.jpg\" \/>\n\t<meta property=\"og:image:width\" content=\"1200\" \/>\n\t<meta property=\"og:image:height\" content=\"675\" \/>\n\t<meta property=\"og:image:type\" content=\"image\/jpeg\" \/>\n<meta name=\"twitter:card\" content=\"summary_large_image\" \/>\n<meta name=\"twitter:label1\" content=\"Est. reading time\" \/>\n\t<meta name=\"twitter:data1\" content=\"1 minute\" \/>\n<script type=\"application\/ld+json\" class=\"yoast-schema-graph\">{\"@context\":\"https:\\\/\\\/schema.org\",\"@graph\":[{\"@type\":\"WebPage\",\"@id\":\"https:\\\/\\\/biohooldus.ee\\\/en\\\/contact\\\/\",\"url\":\"https:\\\/\\\/biohooldus.ee\\\/en\\\/contact\\\/\",\"name\":\"Contact - BIO Hooldus\",\"isPartOf\":{\"@id\":\"https:\\\/\\\/biohooldus.ee\\\/en\\\/#website\"},\"datePublished\":\"2025-07-15T04:55:59+00:00\",\"dateModified\":\"2025-11-24T12:08:15+00:00\",\"breadcrumb\":{\"@id\":\"https:\\\/\\\/biohooldus.ee\\\/en\\\/contact\\\/#breadcrumb\"},\"inLanguage\":\"en-US\",\"potentialAction\":[{\"@type\":\"ReadAction\",\"target\":[\"https:\\\/\\\/biohooldus.ee\\\/en\\\/contact\\\/\"]}]},{\"@type\":\"BreadcrumbList\",\"@id\":\"https:\\\/\\\/biohooldus.ee\\\/en\\\/contact\\\/#breadcrumb\",\"itemListElement\":[{\"@type\":\"ListItem\",\"position\":1,\"name\":\"Home\",\"item\":\"https:\\\/\\\/biohooldus.ee\\\/en\\\/\"},{\"@type\":\"ListItem\",\"position\":2,\"name\":\"Contact\"}]},{\"@type\":\"WebSite\",\"@id\":\"https:\\\/\\\/biohooldus.ee\\\/en\\\/#website\",\"url\":\"https:\\\/\\\/biohooldus.ee\\\/en\\\/\",\"name\":\"BIO Hooldus\",\"description\":\"Usaldusv\u00e4\u00e4rne t\u00f6\u00f6stuslik puhastusteenus\",\"potentialAction\":[{\"@type\":\"SearchAction\",\"target\":{\"@type\":\"EntryPoint\",\"urlTemplate\":\"https:\\\/\\\/biohooldus.ee\\\/en\\\/?s={search_term_string}\"},\"query-input\":{\"@type\":\"PropertyValueSpecification\",\"valueRequired\":true,\"valueName\":\"search_term_string\"}}],\"inLanguage\":\"en-US\"}]}<\/script>\n<!-- \/ Yoast SEO plugin. -->","yoast_head_json":{"title":"Contact - BIO Hooldus","robots":{"index":"index","follow":"follow","max-snippet":"max-snippet:-1","max-image-preview":"max-image-preview:large","max-video-preview":"max-video-preview:-1"},"canonical":"https:\/\/biohooldus.ee\/en\/contact\/","og_locale":"en_US","og_type":"article","og_title":"Contact - BIO Hooldus","og_description":"[vc_row css=&#8221;.vc_custom_1752729694619{margin-top: 25px !important;margin-bottom: 25px !important;}&#8221;][vc_column col_shadow=&#8221;&#8221; width=&#8221;2\/3&#8243; css=&#8221;.vc_custom_1752729701834{margin-top: 25px !important;margin-bottom: 25px !important;}&#8221;][vc_column_text css=&#8221;&#8221; line_height=&#8221;30px&#8221;] Our Contacts Bio Hooldus is a company specializing in the cleaning of industrial equipment and systems, founded by an industry expert with over 25 years of experience. Our focus is on delivering complex, environmentally critical, and technically demanding cleaning services...","og_url":"https:\/\/biohooldus.ee\/en\/contact\/","og_site_name":"BIO Hooldus","article_modified_time":"2025-11-24T12:08:15+00:00","og_image":[{"width":1200,"height":675,"url":"https:\/\/biohooldus.ee\/wp-content\/uploads\/2025\/09\/biohooldus.jpg","type":"image\/jpeg"}],"twitter_card":"summary_large_image","twitter_misc":{"Est. reading time":"1 minute"},"schema":{"@context":"https:\/\/schema.org","@graph":[{"@type":"WebPage","@id":"https:\/\/biohooldus.ee\/en\/contact\/","url":"https:\/\/biohooldus.ee\/en\/contact\/","name":"Contact - BIO Hooldus","isPartOf":{"@id":"https:\/\/biohooldus.ee\/en\/#website"},"datePublished":"2025-07-15T04:55:59+00:00","dateModified":"2025-11-24T12:08:15+00:00","breadcrumb":{"@id":"https:\/\/biohooldus.ee\/en\/contact\/#breadcrumb"},"inLanguage":"en-US","potentialAction":[{"@type":"ReadAction","target":["https:\/\/biohooldus.ee\/en\/contact\/"]}]},{"@type":"BreadcrumbList","@id":"https:\/\/biohooldus.ee\/en\/contact\/#breadcrumb","itemListElement":[{"@type":"ListItem","position":1,"name":"Home","item":"https:\/\/biohooldus.ee\/en\/"},{"@type":"ListItem","position":2,"name":"Contact"}]},{"@type":"WebSite","@id":"https:\/\/biohooldus.ee\/en\/#website","url":"https:\/\/biohooldus.ee\/en\/","name":"BIO Hooldus","description":"Usaldusv\u00e4\u00e4rne t\u00f6\u00f6stuslik puhastusteenus","potentialAction":[{"@type":"SearchAction","target":{"@type":"EntryPoint","urlTemplate":"https:\/\/biohooldus.ee\/en\/?s={search_term_string}"},"query-input":{"@type":"PropertyValueSpecification","valueRequired":true,"valueName":"search_term_string"}}],"inLanguage":"en-US"}]}},"_links":{"self":[{"href":"https:\/\/biohooldus.ee\/en\/wp-json\/wp\/v2\/pages\/377","targetHints":{"allow":["GET"]}}],"collection":[{"href":"https:\/\/biohooldus.ee\/en\/wp-json\/wp\/v2\/pages"}],"about":[{"href":"https:\/\/biohooldus.ee\/en\/wp-json\/wp\/v2\/types\/page"}],"author":[{"embeddable":true,"href":"https:\/\/biohooldus.ee\/en\/wp-json\/wp\/v2\/users\/1"}],"replies":[{"embeddable":true,"href":"https:\/\/biohooldus.ee\/en\/wp-json\/wp\/v2\/comments?post=377"}],"version-history":[{"count":3,"href":"https:\/\/biohooldus.ee\/en\/wp-json\/wp\/v2\/pages\/377\/revisions"}],"predecessor-version":[{"id":678,"href":"https:\/\/biohooldus.ee\/en\/wp-json\/wp\/v2\/pages\/377\/revisions\/678"}],"wp:attachment":[{"href":"https:\/\/biohooldus.ee\/en\/wp-json\/wp\/v2\/media?parent=377"}],"curies":[{"name":"wp","href":"https:\/\/api.w.org\/{rel}","templated":true}]}}