{"id":356,"date":"2025-07-17T19:02:53","date_gmt":"2025-07-17T19:02:53","guid":{"rendered":"https:\/\/biohooldus.ee\/sewer-cleaning\/"},"modified":"2025-09-05T08:46:10","modified_gmt":"2025-09-05T08:46:10","slug":"sewer-cleaning","status":"publish","type":"page","link":"https:\/\/biohooldus.ee\/en\/services\/sewer-cleaning\/","title":{"rendered":"Sewer Cleaning"},"content":{"rendered":"<div class=\"wpb-content-wrapper\">[vc_row css=&#8221;.vc_custom_1752737706734{margin-top: 50px !important;}&#8221;][vc_column][vc_custom_heading text=&#8221;Services \/\/&#8221; font_container=&#8221;tag:h3|font_size:18px|text_align:left|color:%233A872B|line_height:22px&#8221; google_fonts=&#8221;font_family:Montserrat%3Aregular%2C700|font_style:700%20bold%20regular%3A700%3Anormal&#8221; css=&#8221;&#8221;][vc_custom_heading text=&#8221;Sewer Cleaning&#8221; font_container=&#8221;tag:h1|font_size:45px|text_align:left|color:%23333027|line_height:55px&#8221; google_fonts=&#8221;font_family:Montserrat%3Aregular%2C700|font_style:700%20bold%20regular%3A700%3Anormal&#8221; css=&#8221;&#8221;][\/vc_column][\/vc_row][vc_row css=&#8221;.vc_custom_1752729694619{margin-top: 25px !important;margin-bottom: 25px !important;}&#8221;][vc_column col_shadow=&#8221;&#8221; width=&#8221;1\/2&#8243; css=&#8221;.vc_custom_1752737650317{margin-bottom: 40px !important;}&#8221;][vc_column_text css=&#8221;&#8221; font_color=&#8221;#333027&#8243; font_size=&#8221;15px&#8221; line_height=&#8221;25px&#8221;]\n<p style=\"text-align: justify;\">The sewer system is a <strong>vital part of infrastructure<\/strong> that channels wastewater, stormwater, and other effluents safely and efficiently to treatment plants or natural water bodies. Over time, sewer pipes can accumulate grease,<\/p>\n[\/vc_column_text][\/vc_column][vc_column col_shadow=&#8221;&#8221; width=&#8221;1\/2&#8243; css=&#8221;.vc_custom_1752737656997{margin-bottom: 40px !important;}&#8221;][vc_column_text css=&#8221;&#8221; font_color=&#8221;#333027&#8243; font_size=&#8221;15px&#8221; line_height=&#8221;25px&#8221;]sediment, debris, root intrusions, and other buildups, which can cause blockages, flow disruptions, and even pipe breakage. Therefore, <strong>regular sewer cleaning is crucial<\/strong> for public utilities, private businesses, and residential areas.[\/vc_column_text][\/vc_column][\/vc_row][vc_row css=&#8221;.vc_custom_1752738033886{margin-bottom: 50px !important;}&#8221;][vc_column col_shadow=&#8221;&#8221; el_class=&#8221;keskel&#8221;][vc_button title=&#8221;Request a Quote Here&#8221; shape=&#8221;round&#8221; size=&#8221;large&#8221; color=&#8221;custom&#8221; uppercase=&#8221;no&#8221; custom_font_size=&#8221;15px&#8221; custom_line_height=&#8221;30px&#8221; custom_font_weight=&#8221;600&#8243; custom_letter_spacing=&#8221;0px&#8221; custom_color=&#8221;#FF8921&#8243; custom_border_color=&#8221;#FF8921&#8243; custom_text_color_hover=&#8221;#FF8921&#8243; custom_color_hover=&#8221;#FFFFFF&#8221; custom_border_color_hover=&#8221;#FF8921&#8243; padding_lr=&#8221;30px&#8221; inline_button=&#8221;yes&#8221; css_animation=&#8221;fadeInUp&#8221; href=&#8221;https:\/\/biohooldus.ee\/en\/contact\/&#8221; delay=&#8221;500&#8243;][vc_button title=&#8221;+372 55 14 472&#8243; shape=&#8221;round&#8221; size=&#8221;large&#8221; color=&#8221;custom&#8221; uppercase=&#8221;no&#8221; custom_font_size=&#8221;15px&#8221; custom_line_height=&#8221;30px&#8221; custom_font_weight=&#8221;600&#8243; custom_letter_spacing=&#8221;0px&#8221; custom_text_color=&#8221;#FF8921&#8243; custom_color=&#8221;#FFFFFF&#8221; custom_border_color=&#8221;#FF8921&#8243; custom_text_color_hover=&#8221;#FFFFFF&#8221; custom_color_hover=&#8221;#FF8921&#8243; custom_border_color_hover=&#8221;#FF8921&#8243; padding_lr=&#8221;30px&#8221; inline_button=&#8221;yes&#8221; css_animation=&#8221;fadeInUp&#8221; href=&#8221;tel:%203725514472|&#8221; delay=&#8221;800&#8243;][\/vc_column][\/vc_row][vc_row css=&#8221;.vc_custom_1757060962825{padding-top: 50px !important;padding-bottom: 50px !important;background-color: #FFFFFF !important;}&#8221; el_class=&#8221;teenused-kontaktivorm&#8221;][vc_column][vc_custom_heading text=&#8221;Send us a quick inquiry about your wishes and we will contact you ourselves!&#8221; font_container=&#8221;tag:h3|font_size:28px|text_align:center|color:%23333027|line_height:38px&#8221; google_fonts=&#8221;font_family:Montserrat%3Aregular%2C700|font_style:700%20bold%20regular%3A700%3Anormal&#8221; css=&#8221;.vc_custom_1757061968767{margin-bottom: 30px !important;}&#8221;]<div class=\"creativo_cf7 cf_scope_1 full_width none\">\n<div class=\"wpcf7 no-js\" id=\"wpcf7-f585-o1\" lang=\"en-US\" dir=\"ltr\" data-wpcf7-id=\"585\">\n<div class=\"screen-reader-response\"><p role=\"status\" aria-live=\"polite\" aria-atomic=\"true\"><\/p> <ul><\/ul><\/div>\n<form action=\"\/en\/wp-json\/wp\/v2\/pages\/356#wpcf7-f585-o1\" method=\"post\" class=\"wpcf7-form init\" aria-label=\"Contact form\" novalidate=\"novalidate\" data-status=\"init\">\n<fieldset class=\"hidden-fields-container\"><input type=\"hidden\" name=\"_wpcf7\" value=\"585\" \/><input type=\"hidden\" name=\"_wpcf7_version\" value=\"6.1.5\" \/><input type=\"hidden\" name=\"_wpcf7_locale\" value=\"en_US\" \/><input type=\"hidden\" name=\"_wpcf7_unit_tag\" value=\"wpcf7-f585-o1\" \/><input type=\"hidden\" name=\"_wpcf7_container_post\" value=\"0\" \/><input type=\"hidden\" name=\"_wpcf7_posted_data_hash\" value=\"\" \/><input type=\"hidden\" name=\"_wpcf7_recaptcha_response\" value=\"\" \/>\n<\/fieldset>\n<div class=\"teenuse_vorm\">\n\t<p><span class=\"wpcf7-form-control-wrap\" data-name=\"text-730\"><input size=\"40\" maxlength=\"400\" class=\"wpcf7-form-control wpcf7-text wpcf7-validates-as-required\" aria-required=\"true\" aria-invalid=\"false\" placeholder=\"Your name*\" value=\"\" type=\"text\" name=\"text-730\" \/><\/span><span class=\"wpcf7-form-control-wrap\" data-name=\"text-731\"><input size=\"40\" maxlength=\"400\" class=\"wpcf7-form-control wpcf7-text wpcf7-validates-as-required\" aria-required=\"true\" aria-invalid=\"false\" placeholder=\"Your phone*\" value=\"\" type=\"text\" name=\"text-731\" \/><\/span><span class=\"wpcf7-form-control-wrap\" data-name=\"text-732\"><input size=\"40\" maxlength=\"400\" class=\"wpcf7-form-control wpcf7-text wpcf7-validates-as-required\" aria-required=\"true\" aria-invalid=\"false\" placeholder=\"Your email*\" value=\"\" type=\"text\" name=\"text-732\" \/><\/span><span class=\"wpcf7-form-control-wrap\" data-name=\"text-733\"><input size=\"40\" maxlength=\"400\" class=\"wpcf7-form-control wpcf7-text wpcf7-validates-as-required\" aria-required=\"true\" aria-invalid=\"false\" placeholder=\"Desired service*\" value=\"\" type=\"text\" name=\"text-733\" \/><\/span>\n\t<\/p>\n<\/div>\n<p><span class=\"wpcf7-form-control-wrap\" data-name=\"textarea-617\"><textarea cols=\"40\" rows=\"10\" maxlength=\"2000\" class=\"wpcf7-form-control wpcf7-textarea\" aria-invalid=\"false\" placeholder=\"Additional info and questions\" name=\"textarea-617\"><\/textarea><\/span><br \/>\n<input class=\"wpcf7-form-control wpcf7-submit has-spinner send-btn2\" type=\"submit\" value=\"Submit inquiry\" \/>\n<\/p><div class=\"wpcf7-response-output\" aria-hidden=\"true\"><\/div>\n<\/form>\n<\/div>\n<\/div>[\/vc_column][\/vc_row][vc_row parallax=&#8221;yes&#8221; css=&#8221;.vc_custom_1752778307436{padding-top: 225px !important;padding-bottom: 225px !important;background-image: url(https:\/\/biohooldus.ee\/wp-content\/uploads\/2025\/07\/Kanalisatsiooni-puhastamine.jpeg?id=157) !important;}&#8221;][vc_column][\/vc_column][\/vc_row][vc_row css=&#8221;.vc_custom_1752739650097{padding-top: 70px !important;padding-bottom: 10px !important;background-color: #FFFFFF !important;}&#8221;][vc_column col_shadow=&#8221;&#8221; width=&#8221;1\/2&#8243; css=&#8221;.vc_custom_1752738440241{margin-bottom: 40px !important;}&#8221; el_class=&#8221;bulletid&#8221;][vc_custom_heading text=&#8221;Why is sewer cleaning necessary?&#8221; font_container=&#8221;tag:h2|font_size:21px|text_align:left|color:%23333027|line_height:25px&#8221; google_fonts=&#8221;font_family:Montserrat%3Aregular%2C700|font_style:700%20bold%20regular%3A700%3Anormal&#8221; css=&#8221;&#8221;][vc_column_text css=&#8221;&#8221; font_color=&#8221;#333027&#8243; font_size=&#8221;15px&#8221; line_height=&#8221;25px&#8221;]A properly functioning sewer system ensures hygiene, health safety for residents, and environmental protection. Blockages and stagnant water can cause:<\/p>\n<ul>\n<li>Unpleasant odors<\/li>\n<li>Flooding and property damage<\/li>\n<li>Health hazards (e.g., spread of bacteria and mold)<\/li>\n<li>Environmental pollution<\/li>\n<li>High repair costs<\/li>\n<\/ul>\n<p>Maintaining the sewer system is not only about solving problems but also about prevention. Regular cleaning allows the system to operate at maximum efficiency and <strong>reduces the likelihood of failures.<\/strong>[\/vc_column_text][\/vc_column][vc_column col_shadow=&#8221;&#8221; width=&#8221;1\/2&#8243; css=&#8221;.vc_custom_1752738442999{margin-bottom: 40px !important;}&#8221; el_class=&#8221;bulletid&#8221;][vc_custom_heading text=&#8221;Cleaning Methods&#8221; font_container=&#8221;tag:h2|font_size:21px|text_align:left|color:%23333027|line_height:25px&#8221; google_fonts=&#8221;font_family:Montserrat%3Aregular%2C700|font_style:700%20bold%20regular%3A700%3Anormal&#8221; css=&#8221;&#8221;][vc_column_text css=&#8221;&#8221; font_color=&#8221;#333027&#8243; font_size=&#8221;15px&#8221; line_height=&#8221;25px&#8221;]Different cleaning methods are used depending on the system size, pipe diameter, type of blockage, and degree of contamination:<\/p>\n<ul>\n<li><strong>High-pressure jetting<\/strong> \u2013 The most common and effective method. Water pressure (up to 300 bar) is used to clean grease, sediment, and debris from pipe walls. Various nozzles allow the water stream to be directed at specific problem areas. This method is fast, eco-friendly, and suitable for preventive maintenance.<\/li>\n<li><strong>Mechanical cleaning<\/strong> \u2013 Spiral or brush-based mechanical tools remove solid blockages or items stuck to pipe walls. Especially suitable for smaller-diameter pipes, such as those in residences.<\/li>\n<li><strong>Vacuum pumping<\/strong> \u2013 For more severe contamination or tank cleaning, a combined pressure and vacuum truck flushes the system and simultaneously extracts dirt and wastewater. Often used together with high-pressure jetting.<\/li>\n<li><strong>CCTV inspection<\/strong> \u2013 After cleaning (or before scheduling), a visual inspection is carried out using a special robot camera to assess pipe condition and identify damage, cracks, and exact blockage locations.<\/li>\n<\/ul>\n[\/vc_column_text][\/vc_column][\/vc_row][vc_row css=&#8221;.vc_custom_1752743844905{padding-bottom: 70px !important;background-color: #FFFFFF !important;}&#8221;][vc_column col_shadow=&#8221;&#8221; el_class=&#8221;keskel&#8221;][vc_column_text css=&#8221;.vc_custom_1752778972068{margin-top: 40px !important;margin-bottom: 40px !important;}&#8221; font_size=&#8221;17px&#8221; line_height=&#8221;25px&#8221;]\n<p style=\"text-align: center;\"><strong>Safety and Environmental Regulations<\/strong><br \/>\nSewer cleaning must be performed safely and in an environmentally responsible manner. Workers must use personal protective equipment and comply with occupational safety and waste management requirements. Contaminants and slurry removed during cleaning must be handled as wastewater and taken to an appropriate treatment plant.<\/p>\n<p style=\"text-align: center;\"><strong>Cleaning Frequency<\/strong><br \/>\nFrequency depends on pipe age, usage, and local specifics. High-use areas like industrial parks or dense urban zones may require quarterly cleaning. In typical residential areas, annual or as-needed cleaning is usually sufficient.<\/p>\n<p style=\"text-align: center;\"><strong>Summary<\/strong><br \/>\nRegular and professional sewer cleaning is an essential part of any functioning urban infrastructure or private property maintenance. It helps prevent blockages, avoid major damage, and ensure a hygienic and eco-friendly living environment. Efficient cleaning results in smoother water discharge, fewer emergencies, and longer pipe life.<\/p>\n[\/vc_column_text][vc_button title=&#8221;Request a Quote Here&#8221; shape=&#8221;round&#8221; size=&#8221;large&#8221; color=&#8221;custom&#8221; uppercase=&#8221;no&#8221; custom_font_size=&#8221;15px&#8221; custom_line_height=&#8221;30px&#8221; custom_font_weight=&#8221;600&#8243; custom_letter_spacing=&#8221;0px&#8221; custom_color=&#8221;#FF8921&#8243; custom_border_color=&#8221;#FF8921&#8243; custom_text_color_hover=&#8221;#FF8921&#8243; custom_color_hover=&#8221;#FFFFFF&#8221; custom_border_color_hover=&#8221;#FF8921&#8243; padding_lr=&#8221;30px&#8221; inline_button=&#8221;yes&#8221; css_animation=&#8221;fadeInUp&#8221; href=&#8221;https:\/\/biohooldus.ee\/en\/contact\/&#8221; delay=&#8221;500&#8243;][\/vc_column][\/vc_row]\n<\/div>","protected":false},"excerpt":{"rendered":"<p>[vc_row css=&#8221;.vc_custom_1752737706734{margin-top: 50px !important;}&#8221;][vc_column][vc_custom_heading text=&#8221;Services \/\/&#8221; font_container=&#8221;tag:h3|font_size:18px|text_align:left|color:%233A872B|line_height:22px&#8221; google_fonts=&#8221;font_family:Montserrat%3Aregular%2C700|font_style:700%20bold%20regular%3A700%3Anormal&#8221; css=&#8221;&#8221;][vc_custom_heading text=&#8221;Sewer Cleaning&#8221; font_container=&#8221;tag:h1|font_size:45px|text_align:left|color:%23333027|line_height:55px&#8221; google_fonts=&#8221;font_family:Montserrat%3Aregular%2C700|font_style:700%20bold%20regular%3A700%3Anormal&#8221; css=&#8221;&#8221;][\/vc_column][\/vc_row][vc_row css=&#8221;.vc_custom_1752729694619{margin-top: 25px !important;margin-bottom: 25px !important;}&#8221;][vc_column col_shadow=&#8221;&#8221; width=&#8221;1\/2&#8243; css=&#8221;.vc_custom_1752737650317{margin-bottom: 40px !important;}&#8221;][vc_column_text css=&#8221;&#8221; font_color=&#8221;#333027&#8243; font_size=&#8221;15px&#8221; line_height=&#8221;25px&#8221;] The sewer system is a vital part of infrastructure that channels wastewater, stormwater, and other effluents safely and efficiently to treatment plants or natural water bodies. Over&#8230;<\/p>\n","protected":false},"author":1,"featured_media":0,"parent":380,"menu_order":0,"comment_status":"closed","ping_status":"closed","template":"page-full.php","meta":{"footnotes":""},"class_list":["post-356","page","type-page","status-publish","hentry"],"yoast_head":"<!-- This site is optimized with the Yoast SEO plugin v27.3 - https:\/\/yoast.com\/product\/yoast-seo-wordpress\/ -->\n<title>Sewer Cleaning | BIO Hooldus | Contact us here<\/title>\n<meta name=\"description\" content=\"Sewer cleaning is vital, as the sewer system\u2019s task is to safely direct wastewater and other effluent to treatment facilities.\" \/>\n<meta name=\"robots\" content=\"index, follow, max-snippet:-1, max-image-preview:large, max-video-preview:-1\" \/>\n<link rel=\"canonical\" href=\"https:\/\/biohooldus.ee\/en\/services\/sewer-cleaning\/\" \/>\n<meta property=\"og:locale\" content=\"en_US\" \/>\n<meta property=\"og:type\" content=\"article\" \/>\n<meta property=\"og:title\" content=\"Sewer Cleaning | BIO Hooldus | Contact us here\" \/>\n<meta property=\"og:description\" content=\"Sewer cleaning is vital, as the sewer system\u2019s task is to safely direct wastewater and other effluent to treatment facilities.\" \/>\n<meta property=\"og:url\" content=\"https:\/\/biohooldus.ee\/en\/services\/sewer-cleaning\/\" \/>\n<meta property=\"og:site_name\" content=\"BIO Hooldus\" \/>\n<meta property=\"article:modified_time\" content=\"2025-09-05T08:46:10+00:00\" \/>\n<meta property=\"og:image\" content=\"https:\/\/biohooldus.ee\/wp-content\/uploads\/2025\/09\/biohooldus.jpg\" \/>\n\t<meta property=\"og:image:width\" content=\"1200\" \/>\n\t<meta property=\"og:image:height\" content=\"675\" \/>\n\t<meta property=\"og:image:type\" content=\"image\/jpeg\" \/>\n<meta name=\"twitter:card\" content=\"summary_large_image\" \/>\n<meta name=\"twitter:label1\" content=\"Est. reading time\" \/>\n\t<meta name=\"twitter:data1\" content=\"4 minutes\" \/>\n<script type=\"application\/ld+json\" class=\"yoast-schema-graph\">{\"@context\":\"https:\\\/\\\/schema.org\",\"@graph\":[{\"@type\":\"WebPage\",\"@id\":\"https:\\\/\\\/biohooldus.ee\\\/en\\\/services\\\/sewer-cleaning\\\/\",\"url\":\"https:\\\/\\\/biohooldus.ee\\\/en\\\/services\\\/sewer-cleaning\\\/\",\"name\":\"Sewer Cleaning | BIO Hooldus | Contact us here\",\"isPartOf\":{\"@id\":\"https:\\\/\\\/biohooldus.ee\\\/en\\\/#website\"},\"datePublished\":\"2025-07-17T19:02:53+00:00\",\"dateModified\":\"2025-09-05T08:46:10+00:00\",\"description\":\"Sewer cleaning is vital, as the sewer system\u2019s task is to safely direct wastewater and other effluent to treatment facilities.\",\"breadcrumb\":{\"@id\":\"https:\\\/\\\/biohooldus.ee\\\/en\\\/services\\\/sewer-cleaning\\\/#breadcrumb\"},\"inLanguage\":\"en-US\",\"potentialAction\":[{\"@type\":\"ReadAction\",\"target\":[\"https:\\\/\\\/biohooldus.ee\\\/en\\\/services\\\/sewer-cleaning\\\/\"]}]},{\"@type\":\"BreadcrumbList\",\"@id\":\"https:\\\/\\\/biohooldus.ee\\\/en\\\/services\\\/sewer-cleaning\\\/#breadcrumb\",\"itemListElement\":[{\"@type\":\"ListItem\",\"position\":1,\"name\":\"Home\",\"item\":\"https:\\\/\\\/biohooldus.ee\\\/en\\\/\"},{\"@type\":\"ListItem\",\"position\":2,\"name\":\"Services\",\"item\":\"https:\\\/\\\/biohooldus.ee\\\/en\\\/services\\\/\"},{\"@type\":\"ListItem\",\"position\":3,\"name\":\"Sewer Cleaning\"}]},{\"@type\":\"WebSite\",\"@id\":\"https:\\\/\\\/biohooldus.ee\\\/en\\\/#website\",\"url\":\"https:\\\/\\\/biohooldus.ee\\\/en\\\/\",\"name\":\"BIO Hooldus\",\"description\":\"Usaldusv\u00e4\u00e4rne t\u00f6\u00f6stuslik puhastusteenus\",\"potentialAction\":[{\"@type\":\"SearchAction\",\"target\":{\"@type\":\"EntryPoint\",\"urlTemplate\":\"https:\\\/\\\/biohooldus.ee\\\/en\\\/?s={search_term_string}\"},\"query-input\":{\"@type\":\"PropertyValueSpecification\",\"valueRequired\":true,\"valueName\":\"search_term_string\"}}],\"inLanguage\":\"en-US\"}]}<\/script>\n<!-- \/ Yoast SEO plugin. -->","yoast_head_json":{"title":"Sewer Cleaning | BIO Hooldus | Contact us here","description":"Sewer cleaning is vital, as the sewer system\u2019s task is to safely direct wastewater and other effluent to treatment facilities.","robots":{"index":"index","follow":"follow","max-snippet":"max-snippet:-1","max-image-preview":"max-image-preview:large","max-video-preview":"max-video-preview:-1"},"canonical":"https:\/\/biohooldus.ee\/en\/services\/sewer-cleaning\/","og_locale":"en_US","og_type":"article","og_title":"Sewer Cleaning | BIO Hooldus | Contact us here","og_description":"Sewer cleaning is vital, as the sewer system\u2019s task is to safely direct wastewater and other effluent to treatment facilities.","og_url":"https:\/\/biohooldus.ee\/en\/services\/sewer-cleaning\/","og_site_name":"BIO Hooldus","article_modified_time":"2025-09-05T08:46:10+00:00","og_image":[{"width":1200,"height":675,"url":"https:\/\/biohooldus.ee\/wp-content\/uploads\/2025\/09\/biohooldus.jpg","type":"image\/jpeg"}],"twitter_card":"summary_large_image","twitter_misc":{"Est. reading time":"4 minutes"},"schema":{"@context":"https:\/\/schema.org","@graph":[{"@type":"WebPage","@id":"https:\/\/biohooldus.ee\/en\/services\/sewer-cleaning\/","url":"https:\/\/biohooldus.ee\/en\/services\/sewer-cleaning\/","name":"Sewer Cleaning | BIO Hooldus | Contact us here","isPartOf":{"@id":"https:\/\/biohooldus.ee\/en\/#website"},"datePublished":"2025-07-17T19:02:53+00:00","dateModified":"2025-09-05T08:46:10+00:00","description":"Sewer cleaning is vital, as the sewer system\u2019s task is to safely direct wastewater and other effluent to treatment facilities.","breadcrumb":{"@id":"https:\/\/biohooldus.ee\/en\/services\/sewer-cleaning\/#breadcrumb"},"inLanguage":"en-US","potentialAction":[{"@type":"ReadAction","target":["https:\/\/biohooldus.ee\/en\/services\/sewer-cleaning\/"]}]},{"@type":"BreadcrumbList","@id":"https:\/\/biohooldus.ee\/en\/services\/sewer-cleaning\/#breadcrumb","itemListElement":[{"@type":"ListItem","position":1,"name":"Home","item":"https:\/\/biohooldus.ee\/en\/"},{"@type":"ListItem","position":2,"name":"Services","item":"https:\/\/biohooldus.ee\/en\/services\/"},{"@type":"ListItem","position":3,"name":"Sewer Cleaning"}]},{"@type":"WebSite","@id":"https:\/\/biohooldus.ee\/en\/#website","url":"https:\/\/biohooldus.ee\/en\/","name":"BIO Hooldus","description":"Usaldusv\u00e4\u00e4rne t\u00f6\u00f6stuslik puhastusteenus","potentialAction":[{"@type":"SearchAction","target":{"@type":"EntryPoint","urlTemplate":"https:\/\/biohooldus.ee\/en\/?s={search_term_string}"},"query-input":{"@type":"PropertyValueSpecification","valueRequired":true,"valueName":"search_term_string"}}],"inLanguage":"en-US"}]}},"_links":{"self":[{"href":"https:\/\/biohooldus.ee\/en\/wp-json\/wp\/v2\/pages\/356","targetHints":{"allow":["GET"]}}],"collection":[{"href":"https:\/\/biohooldus.ee\/en\/wp-json\/wp\/v2\/pages"}],"about":[{"href":"https:\/\/biohooldus.ee\/en\/wp-json\/wp\/v2\/types\/page"}],"author":[{"embeddable":true,"href":"https:\/\/biohooldus.ee\/en\/wp-json\/wp\/v2\/users\/1"}],"replies":[{"embeddable":true,"href":"https:\/\/biohooldus.ee\/en\/wp-json\/wp\/v2\/comments?post=356"}],"version-history":[{"count":5,"href":"https:\/\/biohooldus.ee\/en\/wp-json\/wp\/v2\/pages\/356\/revisions"}],"predecessor-version":[{"id":597,"href":"https:\/\/biohooldus.ee\/en\/wp-json\/wp\/v2\/pages\/356\/revisions\/597"}],"up":[{"embeddable":true,"href":"https:\/\/biohooldus.ee\/en\/wp-json\/wp\/v2\/pages\/380"}],"wp:attachment":[{"href":"https:\/\/biohooldus.ee\/en\/wp-json\/wp\/v2\/media?parent=356"}],"curies":[{"name":"wp","href":"https:\/\/api.w.org\/{rel}","templated":true}]}}