{"id":350,"date":"2025-07-17T19:20:44","date_gmt":"2025-07-17T19:20:44","guid":{"rendered":"https:\/\/biohooldus.ee\/grit-trap\/"},"modified":"2025-09-05T08:44:10","modified_gmt":"2025-09-05T08:44:10","slug":"grit-trap","status":"publish","type":"page","link":"https:\/\/biohooldus.ee\/en\/services\/grit-trap\/","title":{"rendered":"Grit Trap"},"content":{"rendered":"<div class=\"wpb-content-wrapper\">[vc_row css=&#8221;.vc_custom_1752737706734{margin-top: 50px !important;}&#8221;][vc_column][vc_custom_heading text=&#8221;Services \/\/&#8221; font_container=&#8221;tag:h3|font_size:18px|text_align:left|color:%233A872B|line_height:22px&#8221; google_fonts=&#8221;font_family:Montserrat%3Aregular%2C700|font_style:700%20bold%20regular%3A700%3Anormal&#8221; css=&#8221;&#8221;][vc_custom_heading text=&#8221;Grit Trap&#8221; font_container=&#8221;tag:h1|font_size:45px|text_align:left|color:%23333027|line_height:55px&#8221; google_fonts=&#8221;font_family:Montserrat%3Aregular%2C700|font_style:700%20bold%20regular%3A700%3Anormal&#8221; css=&#8221;&#8221;][\/vc_column][\/vc_row][vc_row css=&#8221;.vc_custom_1752729694619{margin-top: 25px !important;margin-bottom: 25px !important;}&#8221;][vc_column col_shadow=&#8221;&#8221; width=&#8221;1\/2&#8243; css=&#8221;.vc_custom_1752737650317{margin-bottom: 40px !important;}&#8221;][vc_column_text css=&#8221;&#8221; font_color=&#8221;#333027&#8243; font_size=&#8221;15px&#8221; line_height=&#8221;25px&#8221;]\n<p style=\"text-align: justify;\"><strong>Grit traps<\/strong> are essential components of wastewater treatment systems designed to remove heavier solid particles like sand, gravel, and other abrasive materials from the water.<\/p>\n[\/vc_column_text][\/vc_column][vc_column col_shadow=&#8221;&#8221; width=&#8221;1\/2&#8243; css=&#8221;.vc_custom_1752737656997{margin-bottom: 40px !important;}&#8221;][vc_column_text css=&#8221;&#8221; font_color=&#8221;#333027&#8243; font_size=&#8221;15px&#8221; line_height=&#8221;25px&#8221;]\n<p style=\"text-align: justify;\">Regular cleaning of these units is <strong>crucial<\/strong> for the system\u2019s smooth operation, extending equipment lifespan, and maintaining the overall efficiency of wastewater treatment.<\/p>\n[\/vc_column_text][\/vc_column][\/vc_row][vc_row css=&#8221;.vc_custom_1752738033886{margin-bottom: 50px !important;}&#8221;][vc_column col_shadow=&#8221;&#8221; el_class=&#8221;keskel&#8221;][vc_button title=&#8221;Request a Quote Here&#8221; shape=&#8221;round&#8221; size=&#8221;large&#8221; color=&#8221;custom&#8221; uppercase=&#8221;no&#8221; custom_font_size=&#8221;15px&#8221; custom_line_height=&#8221;30px&#8221; custom_font_weight=&#8221;600&#8243; custom_letter_spacing=&#8221;0px&#8221; custom_color=&#8221;#FF8921&#8243; custom_border_color=&#8221;#FF8921&#8243; custom_text_color_hover=&#8221;#FF8921&#8243; custom_color_hover=&#8221;#FFFFFF&#8221; custom_border_color_hover=&#8221;#FF8921&#8243; padding_lr=&#8221;30px&#8221; inline_button=&#8221;yes&#8221; css_animation=&#8221;fadeInUp&#8221; href=&#8221;https:\/\/biohooldus.ee\/en\/contact\/&#8221; delay=&#8221;500&#8243;][vc_button title=&#8221;+372 55 14 472&#8243; shape=&#8221;round&#8221; size=&#8221;large&#8221; color=&#8221;custom&#8221; uppercase=&#8221;no&#8221; custom_font_size=&#8221;15px&#8221; custom_line_height=&#8221;30px&#8221; custom_font_weight=&#8221;600&#8243; custom_letter_spacing=&#8221;0px&#8221; custom_text_color=&#8221;#FF8921&#8243; custom_color=&#8221;#FFFFFF&#8221; custom_border_color=&#8221;#FF8921&#8243; custom_text_color_hover=&#8221;#FFFFFF&#8221; custom_color_hover=&#8221;#FF8921&#8243; custom_border_color_hover=&#8221;#FF8921&#8243; padding_lr=&#8221;30px&#8221; inline_button=&#8221;yes&#8221; css_animation=&#8221;fadeInUp&#8221; href=&#8221;tel:%203725514472|&#8221; delay=&#8221;800&#8243;][\/vc_column][\/vc_row][vc_row css=&#8221;.vc_custom_1757060962825{padding-top: 50px !important;padding-bottom: 50px !important;background-color: #FFFFFF !important;}&#8221; el_class=&#8221;teenused-kontaktivorm&#8221;][vc_column][vc_custom_heading text=&#8221;Send us a quick inquiry about your wishes and we will contact you ourselves!&#8221; font_container=&#8221;tag:h3|font_size:28px|text_align:center|color:%23333027|line_height:38px&#8221; google_fonts=&#8221;font_family:Montserrat%3Aregular%2C700|font_style:700%20bold%20regular%3A700%3Anormal&#8221; css=&#8221;.vc_custom_1757061849017{margin-bottom: 30px !important;}&#8221;]<div class=\"creativo_cf7 cf_scope_1 full_width none\">\n<div class=\"wpcf7 no-js\" id=\"wpcf7-f585-o1\" lang=\"en-US\" dir=\"ltr\" data-wpcf7-id=\"585\">\n<div class=\"screen-reader-response\"><p role=\"status\" aria-live=\"polite\" aria-atomic=\"true\"><\/p> <ul><\/ul><\/div>\n<form action=\"\/en\/wp-json\/wp\/v2\/pages\/350#wpcf7-f585-o1\" method=\"post\" class=\"wpcf7-form init\" aria-label=\"Contact form\" novalidate=\"novalidate\" data-status=\"init\">\n<fieldset class=\"hidden-fields-container\"><input type=\"hidden\" name=\"_wpcf7\" value=\"585\" \/><input type=\"hidden\" name=\"_wpcf7_version\" value=\"6.1.5\" \/><input type=\"hidden\" name=\"_wpcf7_locale\" value=\"en_US\" \/><input type=\"hidden\" name=\"_wpcf7_unit_tag\" value=\"wpcf7-f585-o1\" \/><input type=\"hidden\" name=\"_wpcf7_container_post\" value=\"0\" \/><input type=\"hidden\" name=\"_wpcf7_posted_data_hash\" value=\"\" \/><input type=\"hidden\" name=\"_wpcf7_recaptcha_response\" value=\"\" \/>\n<\/fieldset>\n<div class=\"teenuse_vorm\">\n\t<p><span class=\"wpcf7-form-control-wrap\" data-name=\"text-730\"><input size=\"40\" maxlength=\"400\" class=\"wpcf7-form-control wpcf7-text wpcf7-validates-as-required\" aria-required=\"true\" aria-invalid=\"false\" placeholder=\"Your name*\" value=\"\" type=\"text\" name=\"text-730\" \/><\/span><span class=\"wpcf7-form-control-wrap\" data-name=\"text-731\"><input size=\"40\" maxlength=\"400\" class=\"wpcf7-form-control wpcf7-text wpcf7-validates-as-required\" aria-required=\"true\" aria-invalid=\"false\" placeholder=\"Your phone*\" value=\"\" type=\"text\" name=\"text-731\" \/><\/span><span class=\"wpcf7-form-control-wrap\" data-name=\"text-732\"><input size=\"40\" maxlength=\"400\" class=\"wpcf7-form-control wpcf7-text wpcf7-validates-as-required\" aria-required=\"true\" aria-invalid=\"false\" placeholder=\"Your email*\" value=\"\" type=\"text\" name=\"text-732\" \/><\/span><span class=\"wpcf7-form-control-wrap\" data-name=\"text-733\"><input size=\"40\" maxlength=\"400\" class=\"wpcf7-form-control wpcf7-text wpcf7-validates-as-required\" aria-required=\"true\" aria-invalid=\"false\" placeholder=\"Desired service*\" value=\"\" type=\"text\" name=\"text-733\" \/><\/span>\n\t<\/p>\n<\/div>\n<p><span class=\"wpcf7-form-control-wrap\" data-name=\"textarea-617\"><textarea cols=\"40\" rows=\"10\" maxlength=\"2000\" class=\"wpcf7-form-control wpcf7-textarea\" aria-invalid=\"false\" placeholder=\"Additional info and questions\" name=\"textarea-617\"><\/textarea><\/span><br \/>\n<input class=\"wpcf7-form-control wpcf7-submit has-spinner send-btn2\" type=\"submit\" value=\"Submit inquiry\" \/>\n<\/p><div class=\"wpcf7-response-output\" aria-hidden=\"true\"><\/div>\n<\/form>\n<\/div>\n<\/div>[\/vc_column][\/vc_row][vc_row parallax=&#8221;yes&#8221; css=&#8221;.vc_custom_1752779688002{padding-top: 225px !important;padding-bottom: 225px !important;background-image: url(https:\/\/biohooldus.ee\/wp-content\/uploads\/2025\/07\/Liivapuudur.jpeg?id=181) !important;}&#8221;][vc_column][\/vc_column][\/vc_row][vc_row css=&#8221;.vc_custom_1752739650097{padding-top: 70px !important;padding-bottom: 10px !important;background-color: #FFFFFF !important;}&#8221;][vc_column col_shadow=&#8221;&#8221; width=&#8221;1\/2&#8243; css=&#8221;.vc_custom_1752738440241{margin-bottom: 40px !important;}&#8221; el_class=&#8221;bulletid&#8221;][vc_custom_heading text=&#8221;What is a grit trap?&#8221; font_container=&#8221;tag:h2|font_size:21px|text_align:left|color:%23333027|line_height:25px&#8221; google_fonts=&#8221;font_family:Montserrat%3Aregular%2C700|font_style:700%20bold%20regular%3A700%3Anormal&#8221; css=&#8221;&#8221;][vc_column_text css=&#8221;&#8221; font_color=&#8221;#333027&#8243; font_size=&#8221;15px&#8221; line_height=&#8221;25px&#8221;]A grit trap (or grit centrifuge) is part of a wastewater treatment plant where the flow of water is slowed to allow heavier particles to settle. This process removes sand, stones, and other heavy solids from the wastewater before it moves to the next treatment stage. Without regular maintenance and cleaning, these particles can accumulate, causing blockages and damaging equipment such as pumps and pipes.[\/vc_column_text][\/vc_column][vc_column col_shadow=&#8221;&#8221; width=&#8221;1\/2&#8243; css=&#8221;.vc_custom_1752738442999{margin-bottom: 40px !important;}&#8221; el_class=&#8221;bulletid&#8221;][vc_custom_heading text=&#8221;Purpose and Importance of Cleaning&#8221; font_container=&#8221;tag:h2|font_size:21px|text_align:left|color:%23333027|line_height:25px&#8221; google_fonts=&#8221;font_family:Montserrat%3Aregular%2C700|font_style:700%20bold%20regular%3A700%3Anormal&#8221; css=&#8221;&#8221;][vc_column_text css=&#8221;&#8221; font_color=&#8221;#333027&#8243; font_size=&#8221;15px&#8221; line_height=&#8221;25px&#8221;]The main goal of cleaning a grit trap is to remove accumulated sediments, prevent overflow, and maintain system efficiency. Regular cleaning helps:<\/p>\n<ul>\n<li>Prevent equipment wear, as abrasive materials can damage mechanisms.<\/li>\n<li>Reduce maintenance costs and extend system lifespan.<\/li>\n<li>Ensure the reliability of the treatment plant and compliance with environmental regulations.<\/li>\n<li>Reduce odor issues caused by the accumulation of organic matter in the sediment layer.<\/li>\n<\/ul>\n[\/vc_column_text][\/vc_column][\/vc_row][vc_row css=&#8221;.vc_custom_1752743589493{border-top-width: 1px !important;padding-top: 55px !important;padding-bottom: 55px !important;background-color: #FFFFFF !important;border-color: #E8E5E1 !important;}&#8221;][vc_column][vc_custom_heading text=&#8221;Cleaning Process&#8221; font_container=&#8221;tag:h3|font_size:30px|text_align:center|color:%23333027|line_height:40px&#8221; google_fonts=&#8221;font_family:Montserrat%3Aregular%2C700|font_style:700%20bold%20regular%3A700%3Anormal&#8221; css=&#8221;&#8221;][vc_custom_heading text=&#8221;Cleaning the grit trap depends on the system type (mechanical, aerated, etc.), but generally includes the following steps:&#8221; font_container=&#8221;tag:p|font_size:16px|text_align:center|color:%23333027|line_height:20px&#8221; google_fonts=&#8221;font_family:Montserrat%3Aregular%2C700|font_style:400%20regular%3A400%3Anormal&#8221; css=&#8221;.vc_custom_1752779805824{margin-bottom: 55px !important;}&#8221;][vc_row_inner][vc_column_inner width=&#8221;1\/4&#8243; css=&#8221;.vc_custom_1752586376357{margin-bottom: 25px !important;}&#8221;][vc_single_image image=&#8221;130&#8243; img_size=&#8221;full&#8221; alignment=&#8221;center&#8221; css=&#8221;.vc_custom_1752741965834{margin-bottom: 30px !important;}&#8221;][vc_custom_heading text=&#8221;Shutting Down the System&#8221; font_container=&#8221;tag:h3|font_size:22px|text_align:center|color:%23333027|line_height:30px&#8221; google_fonts=&#8221;font_family:Montserrat%3Aregular%2C700|font_style:700%20bold%20regular%3A700%3Anormal&#8221; css=&#8221;&#8221;][vc_custom_heading text=&#8221;During cleaning, the inflow to the grit trap is stopped or temporarily diverted through a bypass channel.&#8221; font_container=&#8221;tag:p|font_size:14px|text_align:center|color:%23333027|line_height:18px&#8221; google_fonts=&#8221;font_family:Montserrat%3Aregular%2C700|font_style:400%20regular%3A400%3Anormal&#8221; css=&#8221;.vc_custom_1752779836281{margin-bottom: 55px !important;}&#8221;][\/vc_column_inner][vc_column_inner el_class=&#8221;beh-aft&#8221; width=&#8221;1\/4&#8243; css=&#8221;.vc_custom_1752586993616{margin-bottom: 25px !important;}&#8221;][vc_single_image image=&#8221;129&#8243; img_size=&#8221;full&#8221; alignment=&#8221;center&#8221; css=&#8221;.vc_custom_1752741975357{margin-bottom: 30px !important;}&#8221;][vc_custom_heading text=&#8221;Sediment Removal&#8221; font_container=&#8221;tag:h3|font_size:22px|text_align:center|color:%23333027|line_height:30px&#8221; google_fonts=&#8221;font_family:Montserrat%3Aregular%2C700|font_style:700%20bold%20regular%3A700%3Anormal&#8221; css=&#8221;&#8221;][vc_custom_heading text=&#8221;Sand and other solids are removed using mechanical scrapers, pumps, or manual labor.&#8221; font_container=&#8221;tag:p|font_size:14px|text_align:center|color:%23333027|line_height:18px&#8221; google_fonts=&#8221;font_family:Montserrat%3Aregular%2C700|font_style:400%20regular%3A400%3Anormal&#8221; css=&#8221;.vc_custom_1752779854540{margin-bottom: 55px !important;}&#8221;][\/vc_column_inner][vc_column_inner width=&#8221;1\/4&#8243; css=&#8221;.vc_custom_1752743646259{margin-bottom: 25px !important;}&#8221;][vc_single_image image=&#8221;128&#8243; img_size=&#8221;full&#8221; alignment=&#8221;center&#8221; css=&#8221;.vc_custom_1752741982851{margin-bottom: 30px !important;}&#8221;][vc_custom_heading text=&#8221;Washing&#8221; font_container=&#8221;tag:h3|font_size:22px|text_align:center|color:%23333027|line_height:30px&#8221; google_fonts=&#8221;font_family:Montserrat%3Aregular%2C700|font_style:700%20bold%20regular%3A700%3Anormal&#8221; css=&#8221;&#8221;][vc_custom_heading text=&#8221;Thorough washing with pressure water or other methods to remove stuck materials and biofilm.&#8221; font_container=&#8221;tag:p|font_size:14px|text_align:center|color:%23333027|line_height:18px&#8221; google_fonts=&#8221;font_family:Montserrat%3Aregular%2C700|font_style:400%20regular%3A400%3Anormal&#8221; css=&#8221;.vc_custom_1752779869269{margin-bottom: 55px !important;}&#8221;][\/vc_column_inner][vc_column_inner el_class=&#8221;beh-aft2&#8243; width=&#8221;1\/4&#8243;][vc_single_image image=&#8221;127&#8243; img_size=&#8221;full&#8221; alignment=&#8221;center&#8221; css=&#8221;.vc_custom_1752741988001{margin-bottom: 30px !important;}&#8221;][vc_custom_heading text=&#8221;Visual Inspection and Maintenance&#8221; font_container=&#8221;tag:h3|font_size:22px|text_align:center|color:%23333027|line_height:30px&#8221; google_fonts=&#8221;font_family:Montserrat%3Aregular%2C700|font_style:700%20bold%20regular%3A700%3Anormal&#8221; css=&#8221;&#8221;][vc_custom_heading text=&#8221;Mechanisms, seals, and any possible damage are inspected.&#8221; font_container=&#8221;tag:p|font_size:14px|text_align:center|color:%23333027|line_height:18px&#8221; google_fonts=&#8221;font_family:Montserrat%3Aregular%2C700|font_style:400%20regular%3A400%3Anormal&#8221; css=&#8221;.vc_custom_1752779889342{margin-bottom: 55px !important;}&#8221;][\/vc_column_inner][\/vc_row_inner][vc_row_inner][vc_column_inner width=&#8221;1\/4&#8243; css=&#8221;.vc_custom_1752586376357{margin-bottom: 25px !important;}&#8221;][vc_single_image image=&#8221;147&#8243; img_size=&#8221;full&#8221; alignment=&#8221;center&#8221; css=&#8221;.vc_custom_1752779926052{margin-bottom: 30px !important;}&#8221;][vc_custom_heading text=&#8221;Restarting the System&#8221; font_container=&#8221;tag:h3|font_size:22px|text_align:center|color:%23333027|line_height:30px&#8221; google_fonts=&#8221;font_family:Montserrat%3Aregular%2C700|font_style:700%20bold%20regular%3A700%3Anormal&#8221; css=&#8221;&#8221;][vc_custom_heading text=&#8221;The system is brought back online and monitored for normal operation.&#8221; font_container=&#8221;tag:p|font_size:14px|text_align:center|color:%23333027|line_height:18px&#8221; google_fonts=&#8221;font_family:Montserrat%3Aregular%2C700|font_style:400%20regular%3A400%3Anormal&#8221; css=&#8221;.vc_custom_1752779934745{margin-bottom: 55px !important;}&#8221;][\/vc_column_inner][vc_column_inner width=&#8221;1\/4&#8243; css=&#8221;.vc_custom_1752779902333{margin-bottom: 25px !important;}&#8221;][\/vc_column_inner][vc_column_inner width=&#8221;1\/4&#8243; css=&#8221;.vc_custom_1752743646259{margin-bottom: 25px !important;}&#8221;][\/vc_column_inner][vc_column_inner width=&#8221;1\/4&#8243;][\/vc_column_inner][\/vc_row_inner][\/vc_column][\/vc_row][vc_row css=&#8221;.vc_custom_1752743844905{padding-bottom: 70px !important;background-color: #FFFFFF !important;}&#8221;][vc_column col_shadow=&#8221;&#8221; el_class=&#8221;keskel&#8221;][vc_column_text css=&#8221;.vc_custom_1752779975058{margin-top: 40px !important;margin-bottom: 40px !important;}&#8221; font_size=&#8221;17px&#8221; line_height=&#8221;25px&#8221;]\n<p style=\"text-align: center;\"><strong>Safety and Environmental Protection<\/strong><br \/>\nWhen cleaning a grit trap, occupational safety standards must be followed \u2013 personal protective equipment must be used, safe access ensured, and chemical or pollutant leakage into the environment avoided. Removed material must be collected and stored properly; the sand is often transported to a dedicated sand washer and then disposed of in accordance with environmental requirements.<\/p>\n<p style=\"text-align: center;\"><strong>Summary<\/strong><br \/>\nRegular and systematic cleaning of the grit trap is critical for efficient wastewater treatment. It helps prevent equipment wear, keeps maintenance costs low, and ensures an environmentally responsible and stable cleaning process. A properly maintained grit trap increases the reliability of the entire treatment system and helps meet environmental standards \u2013 which is important for public well-being and environmental protection.<\/p>\n[\/vc_column_text][vc_button title=&#8221;Request a Quote Here&#8221; shape=&#8221;round&#8221; size=&#8221;large&#8221; color=&#8221;custom&#8221; uppercase=&#8221;no&#8221; custom_font_size=&#8221;15px&#8221; custom_line_height=&#8221;30px&#8221; custom_font_weight=&#8221;600&#8243; custom_letter_spacing=&#8221;0px&#8221; custom_color=&#8221;#FF8921&#8243; custom_border_color=&#8221;#FF8921&#8243; custom_text_color_hover=&#8221;#FF8921&#8243; custom_color_hover=&#8221;#FFFFFF&#8221; custom_border_color_hover=&#8221;#FF8921&#8243; padding_lr=&#8221;30px&#8221; inline_button=&#8221;yes&#8221; css_animation=&#8221;fadeInUp&#8221; href=&#8221;https:\/\/biohooldus.ee\/en\/contact\/&#8221; delay=&#8221;500&#8243;][\/vc_column][\/vc_row]\n<\/div>","protected":false},"excerpt":{"rendered":"<p>[vc_row css=&#8221;.vc_custom_1752737706734{margin-top: 50px !important;}&#8221;][vc_column][vc_custom_heading text=&#8221;Services \/\/&#8221; font_container=&#8221;tag:h3|font_size:18px|text_align:left|color:%233A872B|line_height:22px&#8221; google_fonts=&#8221;font_family:Montserrat%3Aregular%2C700|font_style:700%20bold%20regular%3A700%3Anormal&#8221; css=&#8221;&#8221;][vc_custom_heading text=&#8221;Grit Trap&#8221; font_container=&#8221;tag:h1|font_size:45px|text_align:left|color:%23333027|line_height:55px&#8221; google_fonts=&#8221;font_family:Montserrat%3Aregular%2C700|font_style:700%20bold%20regular%3A700%3Anormal&#8221; css=&#8221;&#8221;][\/vc_column][\/vc_row][vc_row css=&#8221;.vc_custom_1752729694619{margin-top: 25px !important;margin-bottom: 25px !important;}&#8221;][vc_column col_shadow=&#8221;&#8221; width=&#8221;1\/2&#8243; css=&#8221;.vc_custom_1752737650317{margin-bottom: 40px !important;}&#8221;][vc_column_text css=&#8221;&#8221; font_color=&#8221;#333027&#8243; font_size=&#8221;15px&#8221; line_height=&#8221;25px&#8221;] Grit traps are essential components of wastewater treatment systems designed to remove heavier solid particles like sand, gravel, and other abrasive materials from the water. [\/vc_column_text][\/vc_column][vc_column col_shadow=&#8221;&#8221;&#8230;<\/p>\n","protected":false},"author":1,"featured_media":0,"parent":380,"menu_order":0,"comment_status":"closed","ping_status":"closed","template":"page-full.php","meta":{"footnotes":""},"class_list":["post-350","page","type-page","status-publish","hentry"],"yoast_head":"<!-- This site is optimized with the Yoast SEO plugin v27.3 - https:\/\/yoast.com\/product\/yoast-seo-wordpress\/ -->\n<title>Grit Trap | BIO Hooldus | Grit Trap Cleaning and Maintenance<\/title>\n<meta name=\"description\" content=\"Grit trap cleaning is a critical step in ensuring the efficient operation of a wastewater treatment system. We take care of your grit trap \u2013 contact us today.\" \/>\n<meta name=\"robots\" content=\"index, follow, max-snippet:-1, max-image-preview:large, max-video-preview:-1\" \/>\n<link rel=\"canonical\" href=\"https:\/\/biohooldus.ee\/en\/services\/grit-trap\/\" \/>\n<meta property=\"og:locale\" content=\"en_US\" \/>\n<meta property=\"og:type\" content=\"article\" \/>\n<meta property=\"og:title\" content=\"Grit Trap | BIO Hooldus | Grit Trap Cleaning and Maintenance\" \/>\n<meta property=\"og:description\" content=\"Grit trap cleaning is a critical step in ensuring the efficient operation of a wastewater treatment system. We take care of your grit trap \u2013 contact us today.\" \/>\n<meta property=\"og:url\" content=\"https:\/\/biohooldus.ee\/en\/services\/grit-trap\/\" \/>\n<meta property=\"og:site_name\" content=\"BIO Hooldus\" \/>\n<meta property=\"article:modified_time\" content=\"2025-09-05T08:44:10+00:00\" \/>\n<meta property=\"og:image\" content=\"https:\/\/biohooldus.ee\/wp-content\/uploads\/2025\/09\/biohooldus.jpg\" \/>\n\t<meta property=\"og:image:width\" content=\"1200\" \/>\n\t<meta property=\"og:image:height\" content=\"675\" \/>\n\t<meta property=\"og:image:type\" content=\"image\/jpeg\" \/>\n<meta name=\"twitter:card\" content=\"summary_large_image\" \/>\n<meta name=\"twitter:label1\" content=\"Est. reading time\" \/>\n\t<meta name=\"twitter:data1\" content=\"5 minutes\" \/>\n<script type=\"application\/ld+json\" class=\"yoast-schema-graph\">{\"@context\":\"https:\\\/\\\/schema.org\",\"@graph\":[{\"@type\":\"WebPage\",\"@id\":\"https:\\\/\\\/biohooldus.ee\\\/en\\\/services\\\/grit-trap\\\/\",\"url\":\"https:\\\/\\\/biohooldus.ee\\\/en\\\/services\\\/grit-trap\\\/\",\"name\":\"Grit Trap | BIO Hooldus | Grit Trap Cleaning and Maintenance\",\"isPartOf\":{\"@id\":\"https:\\\/\\\/biohooldus.ee\\\/en\\\/#website\"},\"datePublished\":\"2025-07-17T19:20:44+00:00\",\"dateModified\":\"2025-09-05T08:44:10+00:00\",\"description\":\"Grit trap cleaning is a critical step in ensuring the efficient operation of a wastewater treatment system. We take care of your grit trap \u2013 contact us today.\",\"breadcrumb\":{\"@id\":\"https:\\\/\\\/biohooldus.ee\\\/en\\\/services\\\/grit-trap\\\/#breadcrumb\"},\"inLanguage\":\"en-US\",\"potentialAction\":[{\"@type\":\"ReadAction\",\"target\":[\"https:\\\/\\\/biohooldus.ee\\\/en\\\/services\\\/grit-trap\\\/\"]}]},{\"@type\":\"BreadcrumbList\",\"@id\":\"https:\\\/\\\/biohooldus.ee\\\/en\\\/services\\\/grit-trap\\\/#breadcrumb\",\"itemListElement\":[{\"@type\":\"ListItem\",\"position\":1,\"name\":\"Home\",\"item\":\"https:\\\/\\\/biohooldus.ee\\\/en\\\/\"},{\"@type\":\"ListItem\",\"position\":2,\"name\":\"Services\",\"item\":\"https:\\\/\\\/biohooldus.ee\\\/en\\\/services\\\/\"},{\"@type\":\"ListItem\",\"position\":3,\"name\":\"Grit Trap\"}]},{\"@type\":\"WebSite\",\"@id\":\"https:\\\/\\\/biohooldus.ee\\\/en\\\/#website\",\"url\":\"https:\\\/\\\/biohooldus.ee\\\/en\\\/\",\"name\":\"BIO Hooldus\",\"description\":\"Usaldusv\u00e4\u00e4rne t\u00f6\u00f6stuslik puhastusteenus\",\"potentialAction\":[{\"@type\":\"SearchAction\",\"target\":{\"@type\":\"EntryPoint\",\"urlTemplate\":\"https:\\\/\\\/biohooldus.ee\\\/en\\\/?s={search_term_string}\"},\"query-input\":{\"@type\":\"PropertyValueSpecification\",\"valueRequired\":true,\"valueName\":\"search_term_string\"}}],\"inLanguage\":\"en-US\"}]}<\/script>\n<!-- \/ Yoast SEO plugin. -->","yoast_head_json":{"title":"Grit Trap | BIO Hooldus | Grit Trap Cleaning and Maintenance","description":"Grit trap cleaning is a critical step in ensuring the efficient operation of a wastewater treatment system. We take care of your grit trap \u2013 contact us today.","robots":{"index":"index","follow":"follow","max-snippet":"max-snippet:-1","max-image-preview":"max-image-preview:large","max-video-preview":"max-video-preview:-1"},"canonical":"https:\/\/biohooldus.ee\/en\/services\/grit-trap\/","og_locale":"en_US","og_type":"article","og_title":"Grit Trap | BIO Hooldus | Grit Trap Cleaning and Maintenance","og_description":"Grit trap cleaning is a critical step in ensuring the efficient operation of a wastewater treatment system. We take care of your grit trap \u2013 contact us today.","og_url":"https:\/\/biohooldus.ee\/en\/services\/grit-trap\/","og_site_name":"BIO Hooldus","article_modified_time":"2025-09-05T08:44:10+00:00","og_image":[{"width":1200,"height":675,"url":"https:\/\/biohooldus.ee\/wp-content\/uploads\/2025\/09\/biohooldus.jpg","type":"image\/jpeg"}],"twitter_card":"summary_large_image","twitter_misc":{"Est. reading time":"5 minutes"},"schema":{"@context":"https:\/\/schema.org","@graph":[{"@type":"WebPage","@id":"https:\/\/biohooldus.ee\/en\/services\/grit-trap\/","url":"https:\/\/biohooldus.ee\/en\/services\/grit-trap\/","name":"Grit Trap | BIO Hooldus | Grit Trap Cleaning and Maintenance","isPartOf":{"@id":"https:\/\/biohooldus.ee\/en\/#website"},"datePublished":"2025-07-17T19:20:44+00:00","dateModified":"2025-09-05T08:44:10+00:00","description":"Grit trap cleaning is a critical step in ensuring the efficient operation of a wastewater treatment system. We take care of your grit trap \u2013 contact us today.","breadcrumb":{"@id":"https:\/\/biohooldus.ee\/en\/services\/grit-trap\/#breadcrumb"},"inLanguage":"en-US","potentialAction":[{"@type":"ReadAction","target":["https:\/\/biohooldus.ee\/en\/services\/grit-trap\/"]}]},{"@type":"BreadcrumbList","@id":"https:\/\/biohooldus.ee\/en\/services\/grit-trap\/#breadcrumb","itemListElement":[{"@type":"ListItem","position":1,"name":"Home","item":"https:\/\/biohooldus.ee\/en\/"},{"@type":"ListItem","position":2,"name":"Services","item":"https:\/\/biohooldus.ee\/en\/services\/"},{"@type":"ListItem","position":3,"name":"Grit Trap"}]},{"@type":"WebSite","@id":"https:\/\/biohooldus.ee\/en\/#website","url":"https:\/\/biohooldus.ee\/en\/","name":"BIO Hooldus","description":"Usaldusv\u00e4\u00e4rne t\u00f6\u00f6stuslik puhastusteenus","potentialAction":[{"@type":"SearchAction","target":{"@type":"EntryPoint","urlTemplate":"https:\/\/biohooldus.ee\/en\/?s={search_term_string}"},"query-input":{"@type":"PropertyValueSpecification","valueRequired":true,"valueName":"search_term_string"}}],"inLanguage":"en-US"}]}},"_links":{"self":[{"href":"https:\/\/biohooldus.ee\/en\/wp-json\/wp\/v2\/pages\/350","targetHints":{"allow":["GET"]}}],"collection":[{"href":"https:\/\/biohooldus.ee\/en\/wp-json\/wp\/v2\/pages"}],"about":[{"href":"https:\/\/biohooldus.ee\/en\/wp-json\/wp\/v2\/types\/page"}],"author":[{"embeddable":true,"href":"https:\/\/biohooldus.ee\/en\/wp-json\/wp\/v2\/users\/1"}],"replies":[{"embeddable":true,"href":"https:\/\/biohooldus.ee\/en\/wp-json\/wp\/v2\/comments?post=350"}],"version-history":[{"count":4,"href":"https:\/\/biohooldus.ee\/en\/wp-json\/wp\/v2\/pages\/350\/revisions"}],"predecessor-version":[{"id":592,"href":"https:\/\/biohooldus.ee\/en\/wp-json\/wp\/v2\/pages\/350\/revisions\/592"}],"up":[{"embeddable":true,"href":"https:\/\/biohooldus.ee\/en\/wp-json\/wp\/v2\/pages\/380"}],"wp:attachment":[{"href":"https:\/\/biohooldus.ee\/en\/wp-json\/wp\/v2\/media?parent=350"}],"curies":[{"name":"wp","href":"https:\/\/api.w.org\/{rel}","templated":true}]}}